{"id":561,"date":"2015-10-22T07:10:59","date_gmt":"2015-10-22T07:10:59","guid":{"rendered":"http:\/\/plethorathemes.com\/healthx\/?page_id=561"},"modified":"2023-12-05T14:00:13","modified_gmt":"2023-12-05T14:00:13","slug":"faq","status":"publish","type":"page","link":"https:\/\/www.humanline.es\/index.php\/faq\/","title":{"rendered":"FAQ"},"content":{"rendered":"<div class=\"wpb-content-wrapper\"><p>[vc_row][vc_column margin=\u00bbmargin_bottom_grid\u00bb][vc_empty_space][vc_toggle title=\u00bbInformaci\u00f3n emergencias\u00bb open=\u00bbtrue\u00bb el_id=\u00bb1447064341323-f6ee47d8-32bf\u00bb]Si es un caso de emergencia que requiere atenci\u00f3n inmediata, llame al (+34) 956 785 333. Le daremos instrucciones y direcciones. Si conoce la direcci\u00f3n del Centro M\u00e9dico, por favor venga lo m\u00e1s r\u00e1pido posible. Si necesita ser recogido por nuestra parte, h\u00e1ganoslo saber por tel\u00e9fono.[\/vc_toggle][vc_toggle title=\u00bb\u00bfQu\u00e9 puedo esperar en una cita?\u00bb el_id=\u00bb1447064412741-3e356338-032d\u00bb]Puede solicitar cita programada si su situaci\u00f3n no puede esperar podr\u00eda acudir directamente al centro m\u00e9dico en la primera planta. Le atenderemos lo antes posible.[\/vc_toggle][vc_toggle title=\u00bb\u00bfQu\u00e9 pasa si soy un nuevo paciente?\u00bb el_id=\u00bb1447064451796-0645cbf1-8947&#8243;]Es posible que se presente usted mismo, que haya sido derivado por otro especialista o por su Seguro M\u00e9dico. Discutiremos su problema y le preguntaremos sobre su historial m\u00e9dico. A continuaci\u00f3n, se realizar\u00e1 un examen exhaustivo. Podemos solicitar ex\u00e1menes y pruebas para asistir y apoyar nuestro diagn\u00f3stico.<\/p>\n<p>Se pueden realizar radiograf\u00edas, an\u00e1lisis de sangre\/orina, ecograf\u00edas y endoscopias sin demora en el mismo edificio. Si tiene ex\u00e1menes y pruebas anteriores relacionados con su condici\u00f3n actual, tr\u00e1igalos a la consulta. Tambi\u00e9n traiga copias de cartas de otros m\u00e9dicos o medicamentos recientes. Nos ayudar\u00e1 a ayudarte.<\/p>\n<p>Discutiremos con usted los resultados de sus ex\u00e1menes y le recomendaremos el tratamiento adecuado. Algunas condiciones pueden ser tratadas inmediatamente por un tratamiento conservador o quir\u00fargico.<\/p>\n<p>De lo contrario, dependiendo de los resultados de sus ex\u00e1menes, la naturaleza del problema m\u00e9dico y su plan, le daremos de alta de nuestra cl\u00ednica, lo derivaremos a otro profesional de la salud o lo programaremos para una cirug\u00eda. Si se requieren consultas de seguimiento o consultas adicionales, se lo indicaremos y el personal le informar\u00e1 la fecha y la hora de su pr\u00f3xima cita.[\/vc_toggle][vc_toggle title=\u00bb\u00bfCuenta con instalaciones de diagn\u00f3stico por la imagen (rayos X, ultrasonograf\u00eda, tomograf\u00eda computarizada)?\u00bb el_id=\u00bb1447064507869-5e4ee3bd-a327&#8243;]S\u00ed.<\/p>\n<p>Las radiograf\u00edas ordinarias, las vistas panor\u00e1micas de la boca, la ultrasonograf\u00eda, la endoscopia, la tomograf\u00eda computarizada, el esc\u00e1ner de densidad de masa \u00f3sea o el generador de im\u00e1genes l\u00e1ser (revelador digital) se pueden realizar en el lugar.[\/vc_toggle][vc_toggle title=\u00bb\u00bfExaminan a ni\u00f1os en su cl\u00ednica?\u00bb el_id=\u00bb1447064555113-315c72fb-176e\u00bb]Nuestros m\u00e9dicos de familia pueden atender a ni\u00f1os. La mayor\u00eda de nuestros especialistas tambi\u00e9n aceptan atender ni\u00f1os.[\/vc_toggle][vc_toggle title=\u00bb\u00bfQu\u00e9 sucede si necesito una inyecci\u00f3n intramuscular o intravenosa?\u00bb el_id=\u00bb1447065558213-dca24fc1-47a1&#8243;]La cl\u00ednica ofrece cartera de servicios de enfermer\u00eda completos. Es necesario que usted traiga la prescripci\u00f3n de su m\u00e9dico o solicitar lo haga nuestro m\u00e9dico de familia.[\/vc_toggle][vc_toggle title=\u00bb\u00bfQu\u00e9 pasa si necesito anestesia?\u00bb el_id=\u00bb1447065583979-54e0b9c1-ae47&#8243;]Humanline est\u00e1 autorizada como Hospital de d\u00eda para procedimientos quir\u00fargicos con anestesia local o sedaci\u00f3n.<\/p>\n<p>Para todos estos tr\u00e1mites contamos con un equipo de especialistas que garantiza la seguridad.[\/vc_toggle][vc_toggle title=\u00bb\u00bfQu\u00e9 sucede si necesito una receta?\u00bb el_id=\u00bb1447065607650-fbb48814-35d7&#8243;]Si es paciente de la cl\u00ednica podemos ayudarle de forma telef\u00f3nica al respecto.<\/p>\n<p>En caso contrario debe pasar por consulta de Medicina General.[\/vc_toggle][vc_toggle title=\u00bbSeguros y Facturaci\u00f3n\u00bb el_id=\u00bb1447065636406-978b4ed0-e711&#8243;]<strong>\u00bfAceptan mi seguro?<\/strong><\/p>\n<p>Nuestro Centro M\u00e9dico acepta algunas compa\u00f1\u00edas de seguros. Pueden consultar en apartado Aseguradoras.<\/p>\n<p>Si este no es su caso, o si no tiene cobertura de seguro, se espera que pague la factura en efectivo o con tarjeta. Si su seguro es de reembolso, nuestro personal le facilitar\u00e1 toda la documentaci\u00f3n necesaria lo antes posible.<\/p>\n<p>Una estimaci\u00f3n de los honorarios y costos de consulta, investigaciones o cirug\u00eda est\u00e1n disponibles a pedido.<\/p>\n<p><strong>\u00bfNecesito una referencia?<\/strong><\/p>\n<p>Si tiene un seguro privado con un afiliado, la referencia puede enviarnos su compa\u00f1\u00eda de seguros por correo electr\u00f3nico. Le sugerimos que se comunique con su seguro para obtener esta referencia antes de su visita a nuestras oficinas.[\/vc_toggle][vc_toggle title=\u00bb\u00bfDisponen de aparcamiento?\u00bb el_id=\u00bb1447065710387-d413605d-104e\u00bb]S\u00ed, hay aparcamiento gratuito en nuestros dos centros m\u00e9dicos.<\/p>\n<p>Humanline Sotogrande: Parking en planta s\u00f3tano de Centro Comercial Sotomarket (entrada por El Corte Ingl\u00e9s)<\/p>\n<p>Humanline Jimena de la Frontera: Justo en la puerta de la cl\u00ednica[\/vc_toggle][\/vc_column][\/vc_row]<\/p>\n<\/div>","protected":false},"excerpt":{"rendered":"<p>[vc_row][vc_column margin=\u00bbmargin_bottom_grid\u00bb][vc_empty_space][vc_toggle title=\u00bbInformaci\u00f3n emergencias\u00bb open=\u00bbtrue\u00bb el_id=\u00bb1447064341323-f6ee47d8-32bf\u00bb]Si es un caso de emergencia que requiere atenci\u00f3n inmediata, llame al (+34) 956 785 333. Le daremos instrucciones y direcciones. Si conoce la direcci\u00f3n del Centro M\u00e9dico, por favor venga lo m\u00e1s r\u00e1pido posible. Si necesita ser recogido por nuestra parte, h\u00e1ganoslo saber por tel\u00e9fono.[\/vc_toggle][vc_toggle title=\u00bb\u00bfQu\u00e9 puedo esperar en [&hellip;]<\/p>\n","protected":false},"author":1,"featured_media":0,"parent":0,"menu_order":0,"comment_status":"closed","ping_status":"closed","template":"","meta":{"footnotes":""},"_links":{"self":[{"href":"https:\/\/www.humanline.es\/index.php\/wp-json\/wp\/v2\/pages\/561"}],"collection":[{"href":"https:\/\/www.humanline.es\/index.php\/wp-json\/wp\/v2\/pages"}],"about":[{"href":"https:\/\/www.humanline.es\/index.php\/wp-json\/wp\/v2\/types\/page"}],"author":[{"embeddable":true,"href":"https:\/\/www.humanline.es\/index.php\/wp-json\/wp\/v2\/users\/1"}],"replies":[{"embeddable":true,"href":"https:\/\/www.humanline.es\/index.php\/wp-json\/wp\/v2\/comments?post=561"}],"version-history":[{"count":8,"href":"https:\/\/www.humanline.es\/index.php\/wp-json\/wp\/v2\/pages\/561\/revisions"}],"predecessor-version":[{"id":3183,"href":"https:\/\/www.humanline.es\/index.php\/wp-json\/wp\/v2\/pages\/561\/revisions\/3183"}],"wp:attachment":[{"href":"https:\/\/www.humanline.es\/index.php\/wp-json\/wp\/v2\/media?parent=561"}],"curies":[{"name":"wp","href":"https:\/\/api.w.org\/{rel}","templated":true}]}}