{"id":538,"date":"2015-10-22T06:55:01","date_gmt":"2015-10-22T06:55:01","guid":{"rendered":"http:\/\/plethorathemes.com\/healthx\/?page_id=538"},"modified":"2023-11-10T15:05:12","modified_gmt":"2023-11-10T15:05:12","slug":"aseguradoras-mutuas","status":"publish","type":"page","link":"https:\/\/www.humanline.es\/index.php\/aseguradoras-mutuas\/","title":{"rendered":"Aseguradoras &#038; Mutuas"},"content":{"rendered":"<div class=\"wpb-content-wrapper\"><p>[vc_row full_width=\u00bb0&#8243; full_height=\u00bb0&#8243; particles=\u00bb0&#8243; css=\u00bb.vc_custom_1654177962394{padding-bottom: 30px !important;}\u00bb][vc_column margin=\u00bbmargin_bottom_grid\u00bb][vc_column_text]Humanline tiene acuerdos con las aseguradoras y mutuas que se muestran a continuaci\u00f3n. Si desea conocer que especialidades o tratamientos concretos est\u00e1n incluidos, p\u00f3ngase en contacto con nosotros:[\/vc_column_text][\/vc_column][\/vc_row][vc_row full_width=\u00bb0&#8243; full_height=\u00bb0&#8243; particles=\u00bb0&#8243; css=\u00bb.vc_custom_1654178401774{padding-top: 0px !important;padding-bottom: 60px !important;}\u00bb][vc_column]<div class=\"section_header subtitle_bottom   vc_custom_1654712454243 elegant text-left\">\n\n    <h3><span style=\"color: #ffffff;\">Mutuas de Accidentes de trabajo<\/span><\/h3>\n\n\n        <p ><\/p>\n<\/div>[vc_media_grid element_width=\u00bb3&#8243; grid_id=\u00bbvc_gid:1699628676312-3b65ec18-60fc-3&#8243; include=\u00bb2452,2454,2455&#8243;][\/vc_column][\/vc_row][vc_row full_width=\u00bb0&#8243; full_height=\u00bb0&#8243; particles=\u00bb0&#8243; css=\u00bb.vc_custom_1654178409255{padding-top: 0px !important;padding-bottom: 60px !important;}\u00bb][vc_column]<div class=\"section_header subtitle_bottom   vc_custom_1654712515652 elegant text-left\">\n\n    <h3><span style=\"color: #ffffff;\">SOTOGRANDE<\/span><\/h3>\n\n\n        <p ><\/p>\n<\/div>[vc_column_text css=\u00bb.vc_custom_1654182525439{margin-bottom: 0px !important;padding-bottom: 0px !important;}\u00bb]<\/p>\n<h4>Compa\u00f1\u00edas nacionales<\/h4>\n<p>[\/vc_column_text][vc_media_grid element_width=\u00bb3&#8243; grid_id=\u00bbvc_gid:1699628676313-6ad1605c-068a-0&#8243; include=\u00bb2461,2462,2713,2466,2467,2468,2465&#8243;][vc_column_text]<\/p>\n<h4>Compa\u00f1\u00edas internacionales<\/h4>\n<p>[\/vc_column_text][vc_media_grid element_width=\u00bb3&#8243; grid_id=\u00bbvc_gid:1699628676314-64674df1-4113-9&#8243; include=\u00bb2469,2715,2470,2471,3126&#8243;][\/vc_column][\/vc_row][vc_row full_width=\u00bb0&#8243; full_height=\u00bb0&#8243; particles=\u00bb0&#8243; css=\u00bb.vc_custom_1654178409255{padding-top: 0px !important;padding-bottom: 60px !important;}\u00bb][vc_column]<div class=\"section_header subtitle_bottom   vc_custom_1654712581358 elegant text-left\">\n\n    <h3><span style=\"color: #ffffff;\">JIMENA<\/span><\/h3>\n\n\n        <p ><\/p>\n<\/div>[vc_column_text css=\u00bb.vc_custom_1654182525439{margin-bottom: 0px !important;padding-bottom: 0px !important;}\u00bb]<\/p>\n<h4>Compa\u00f1\u00edas nacionales<\/h4>\n<p>[\/vc_column_text][vc_media_grid element_width=\u00bb3&#8243; grid_id=\u00bbvc_gid:1699628676315-41c42bd2-1666-4&#8243; include=\u00bb2478,2461,2462,2713,2465,2466,2467,2468&#8243;][vc_column_text]<\/p>\n<h4>Compa\u00f1\u00edas internacionales<\/h4>\n<p>[\/vc_column_text][vc_media_grid grid_id=\u00bbvc_gid:1699628676315-7b571624-d8a0-5&#8243; include=\u00bb2469,2715,2470,2471,3126&#8243;][\/vc_column][\/vc_row]<\/p>\n<\/div>","protected":false},"excerpt":{"rendered":"<p>[vc_row full_width=\u00bb0&#8243; full_height=\u00bb0&#8243; particles=\u00bb0&#8243; css=\u00bb.vc_custom_1654177962394{padding-bottom: 30px !important;}\u00bb][vc_column margin=\u00bbmargin_bottom_grid\u00bb][vc_column_text]Humanline tiene acuerdos con las aseguradoras y mutuas que se muestran a continuaci\u00f3n. Si desea conocer que especialidades o tratamientos concretos est\u00e1n incluidos, p\u00f3ngase en contacto con nosotros:[\/vc_column_text][\/vc_column][\/vc_row][vc_row full_width=\u00bb0&#8243; full_height=\u00bb0&#8243; particles=\u00bb0&#8243; css=\u00bb.vc_custom_1654178401774{padding-top: 0px !important;padding-bottom: 60px !important;}\u00bb][vc_column][vc_media_grid element_width=\u00bb3&#8243; grid_id=\u00bbvc_gid:1699628676312-3b65ec18-60fc-3&#8243; include=\u00bb2452,2454,2455&#8243;][\/vc_column][\/vc_row][vc_row full_width=\u00bb0&#8243; full_height=\u00bb0&#8243; particles=\u00bb0&#8243; css=\u00bb.vc_custom_1654178409255{padding-top: 0px !important;padding-bottom: 60px !important;}\u00bb][vc_column][vc_column_text css=\u00bb.vc_custom_1654182525439{margin-bottom: [&hellip;]<\/p>\n","protected":false},"author":1,"featured_media":0,"parent":0,"menu_order":0,"comment_status":"closed","ping_status":"closed","template":"","meta":{"footnotes":""},"_links":{"self":[{"href":"https:\/\/www.humanline.es\/index.php\/wp-json\/wp\/v2\/pages\/538"}],"collection":[{"href":"https:\/\/www.humanline.es\/index.php\/wp-json\/wp\/v2\/pages"}],"about":[{"href":"https:\/\/www.humanline.es\/index.php\/wp-json\/wp\/v2\/types\/page"}],"author":[{"embeddable":true,"href":"https:\/\/www.humanline.es\/index.php\/wp-json\/wp\/v2\/users\/1"}],"replies":[{"embeddable":true,"href":"https:\/\/www.humanline.es\/index.php\/wp-json\/wp\/v2\/comments?post=538"}],"version-history":[{"count":31,"href":"https:\/\/www.humanline.es\/index.php\/wp-json\/wp\/v2\/pages\/538\/revisions"}],"predecessor-version":[{"id":3182,"href":"https:\/\/www.humanline.es\/index.php\/wp-json\/wp\/v2\/pages\/538\/revisions\/3182"}],"wp:attachment":[{"href":"https:\/\/www.humanline.es\/index.php\/wp-json\/wp\/v2\/media?parent=538"}],"curies":[{"name":"wp","href":"https:\/\/api.w.org\/{rel}","templated":true}]}}