{"id":3045,"date":"2022-10-06T17:47:41","date_gmt":"2022-10-06T17:47:41","guid":{"rendered":"https:\/\/www.humanline.es\/?page_id=3045"},"modified":"2022-10-06T17:48:53","modified_gmt":"2022-10-06T17:48:53","slug":"privacy-policy","status":"publish","type":"page","link":"https:\/\/www.humanline.es\/index.php\/en\/privacy-policy\/","title":{"rendered":"Privacy Policy"},"content":{"rendered":"<p>&nbsp;<\/p>\n\n\n<h2 class=\"wp-block-heading\">1. \u00bfQui\u00e9n es el responsable del tratamiento de sus datos?<\/h2>\r\n<p>\n\n\n<p><\/p>\n<p>&nbsp;<\/p>\n<p>&nbsp;<\/p>\n<p><\/p>\n\n\n<\/p>\r\n<p><strong class=\"privacy-policy-tutorial\">HUMANLINE<\/strong><\/p>\r\n<p>C.C. Sotomarket, Autov\u00eda del Mediterr\u00e1neo, Km. 130, Local 28, 11310 Sotogrande, C\u00e1diz <br \/>+34 607 979 484 <br \/>Email: info@humanline.es<\/p>\r\n<p>\n\n\n<p><\/p>\n<p>&nbsp;<\/p>\n<p>&nbsp;<\/p>\n<p><\/p>\n\n\n<\/p>\r\n<h2 class=\"wp-block-heading\">2. \u00bfCon qu\u00e9 finalidad tratamos sus datos personales?<\/h2>\r\n<p>\n\n\n<p><\/p>\n<p>&nbsp;<\/p>\n<p>&nbsp;<\/p>\n<p><\/p>\n\n\n<\/p>\r\n<p>En HUMANLINE tratamos la informaci\u00f3n que nos facilitan las personas interesadas con el fin de Atender y enviarle los pedidos que realice a trav\u00e9s de nuestra web, as\u00ed como de enviarle la informaci\u00f3n comercial, si as\u00ed lo ha solicitado en los distintos canales para ello establecidos.<\/p>\r\n<p>\n\n\n<p><\/p>\n<p><!-- \/wp:paragraph --><\/p>\n<p><!-- wp:heading --><\/p>\n<h2>3. \u00bfCu\u00e1nto tiempo conservaremos sus datos?<\/h2>\n<p><!-- \/wp:heading --><\/p>\n<p><!-- wp:paragraph --><\/p>\n<p>Los datos se conservar\u00e1n mientras el interesado no solicite su supresi\u00f3n.<\/p>\n<p><!-- \/wp:paragraph --><\/p>\n<p><!-- wp:heading --><\/p>\n<h2>4. \u00bfCu\u00e1l es la legitimaci\u00f3n para el tratamiento de sus datos?<\/h2>\n<p><!-- \/wp:heading --><\/p>\n<p><!-- wp:paragraph --><\/p>\n<p>Le indicamos la base legal para el tratamiento de sus datos:<\/p>\n<p>Consentimiento del interesado: Atender su solicitud y enviarle comunicaciones comerciales, as\u00ed como nuestros boletines.<\/p>\n<p><!-- \/wp:paragraph --><\/p>\n<p><!-- wp:heading --><\/p>\n<h2>5. \u00bfA qu\u00e9 destinatarios se comunicar\u00e1n sus datos?<\/h2>\n<p><!-- \/wp:heading --><\/p>\n<p><!-- wp:paragraph --><\/p>\n<p>No se ceder\u00e1n datos a terceros, salvo obligaci\u00f3n legal.<\/p>\n<p><!-- \/wp:paragraph --><\/p>\n<p><!-- wp:heading --><\/p>\n<h2>6. Transferencias de datos a terceros pa\u00edses<\/h2>\n<p><!-- \/wp:heading --><\/p>\n<p><!-- wp:paragraph --><\/p>\n<p>No est\u00e1n previstas transferencias de datos a terceros pa\u00edses.<\/p>\n<p><!-- \/wp:paragraph --><\/p>\n<p><!-- wp:heading --><\/p>\n<h2>7. \u00bfCu\u00e1les son sus derechos cuando nos facilita sus datos?<\/h2>\n<p><!-- \/wp:heading --><\/p>\n<p><!-- wp:paragraph --><\/p>\n<p>Cualquier persona tiene derecho a obtener confirmaci\u00f3n sobre si en HUMANLINE estamos tratando datos personales que les conciernan, o no.<\/p>\n<p>Las personas interesadas tienen derecho a acceder a sus datos personales, as\u00ed como a solicitar la rectificaci\u00f3n de los datos inexactos o, en su caso, solicitar su supresi\u00f3n cuando, entre otros motivos, los datos ya no sean necesarios para los fines que fueron recogidos.<\/p>\n<p>En determinadas circunstancias, los interesados podr\u00e1n solicitar la limitaci\u00f3n del tratamiento de sus datos, en cuyo caso \u00fanicamente los conservaremos para el ejercicio o la defensa de reclamaciones.<\/p>\n<p>En determinadas circunstancias y por motivos relacionados con su situaci\u00f3n particular, los interesados podr\u00e1n oponerse al tratamiento de sus datos. En este caso, HUMANLINE dejar\u00e1 de tratar los datos, salvo por motivos leg\u00edtimos imperiosos, o el ejercicio o la defensa de posibles reclamaciones.<\/p>\n<p>Podr\u00e1 ejercitar materialmente sus derechos de la siguiente forma: Puede ejercer sus derechos enviando un correo electr\u00f3nico a E-mail: info@humanline.es<\/p>\n<p>Si ha otorgado su consentimiento para alguna finalidad concreta, tiene derecho a retirar el consentimiento otorgado en cualquier momento, sin que ello afecte a la licitud del tratamiento basado en el consentimiento previo a su retirada.<\/p>\n<p>En caso de que sienta vulnerados sus derechos en lo concerniente a la protecci\u00f3n de sus datos personales, especialmente cuando no haya obtenido satisfacci\u00f3n en el ejercicio de sus derechos, puede presentar una reclamaci\u00f3n ante la Autoridad de Control en materia de protecci\u00f3n de Datos competente a trav\u00e9s de su sitio web: www.agpd.es.<\/p>\n<p><!-- \/wp:paragraph --><\/p>\n<p><!-- wp:heading --><\/p>\n<h2>8. \u00bfC\u00f3mo hemos obtenido sus datos?<\/h2>\n<p><!-- \/wp:heading --><\/p>\n<p><!-- wp:paragraph --><\/p>\n<p>Los datos personales que tratamos en HUMANLINE proceden del propio interesado.<\/p>\n<p>Las categor\u00edas de datos que se tratan son:<\/p>\n<p>* Direcciones postales y electr\u00f3nicas<\/p>\n<p>* Informaci\u00f3n comercial<\/p>\n<p>No se tratan categor\u00edas especiales de datos personales (son aquellos datos que revelen el origen \u00e9tnico o racial, las opiniones pol\u00edticas, las convicciones religiosas o filos\u00f3ficas, o la afiliaci\u00f3n sindical, datos gen\u00e9ticos, datos biom\u00e9tricos dirigidos a identificar de manera un\u00edvoca a una persona f\u00edsica, datos relativos a la salud o datos relativos a la vida sexual o la orientaci\u00f3n sexual de una persona f\u00edsica).<\/p>\n<p><!-- \/wp:paragraph --><\/p>","protected":false},"excerpt":{"rendered":"<p>&nbsp; 1. \u00bfQui\u00e9n es el responsable del tratamiento de sus datos? &nbsp; &nbsp; HUMANLINE C.C. Sotomarket, Autov\u00eda del Mediterr\u00e1neo, Km. 130, Local 28, 11310 Sotogrande, C\u00e1diz +34 607 979 484 Email: info@humanline.es &nbsp; &nbsp; 2. \u00bfCon qu\u00e9 finalidad tratamos sus datos personales? &nbsp; &nbsp; En HUMANLINE tratamos la informaci\u00f3n que nos facilitan las personas interesadas [&hellip;]<\/p>\n","protected":false},"author":1,"featured_media":0,"parent":0,"menu_order":0,"comment_status":"closed","ping_status":"closed","template":"","meta":{"footnotes":""},"_links":{"self":[{"href":"https:\/\/www.humanline.es\/index.php\/wp-json\/wp\/v2\/pages\/3045"}],"collection":[{"href":"https:\/\/www.humanline.es\/index.php\/wp-json\/wp\/v2\/pages"}],"about":[{"href":"https:\/\/www.humanline.es\/index.php\/wp-json\/wp\/v2\/types\/page"}],"author":[{"embeddable":true,"href":"https:\/\/www.humanline.es\/index.php\/wp-json\/wp\/v2\/users\/1"}],"replies":[{"embeddable":true,"href":"https:\/\/www.humanline.es\/index.php\/wp-json\/wp\/v2\/comments?post=3045"}],"version-history":[{"count":2,"href":"https:\/\/www.humanline.es\/index.php\/wp-json\/wp\/v2\/pages\/3045\/revisions"}],"predecessor-version":[{"id":3048,"href":"https:\/\/www.humanline.es\/index.php\/wp-json\/wp\/v2\/pages\/3045\/revisions\/3048"}],"wp:attachment":[{"href":"https:\/\/www.humanline.es\/index.php\/wp-json\/wp\/v2\/media?parent=3045"}],"curies":[{"name":"wp","href":"https:\/\/api.w.org\/{rel}","templated":true}]}}