{"id":3043,"date":"2022-10-06T17:46:31","date_gmt":"2022-10-06T17:46:31","guid":{"rendered":"https:\/\/www.humanline.es\/?page_id=3043"},"modified":"2022-10-06T17:47:21","modified_gmt":"2022-10-06T17:47:21","slug":"cookies-policy","status":"publish","type":"page","link":"https:\/\/www.humanline.es\/index.php\/en\/cookies-policy\/","title":{"rendered":"Cookies Policy"},"content":{"rendered":"<div class=\"wpb-content-wrapper\"><p>[vc_row][vc_column][vc_column_text]<\/p>\r\n<h2 class=\"wp-block-heading\">1. \u00bfQU\u00c9 SON LAS COOKIES?<\/h2>\r\n\r\n<p>&nbsp;<\/p>\r\n\r\n<p><strong>HUMANLINE <\/strong>es responsable de la p\u00e1gina web\u00a0https:\/\/www.humanline.es\/, y utiliza cookies y\/u otros archivos de funcionalidad\u00a0similar (en adelante \u201cCookies\u201d).<\/p>\r\n<p>Las Cookies son peque\u00f1os archivos de datos que se env\u00edan al ordenador del usuario,\u00a0tel\u00e9fono m\u00f3vil u otro dispositivo de acceso cuando visita una p\u00e1gina web y que permiten\u00a0obtener informaci\u00f3n relativa a su navegaci\u00f3n o un c\u00f3digo que permite identificar\u00a0inequ\u00edvocamente al usuario.<\/p>\r\n\r\n<p>&nbsp;<\/p>\r\n\r\n<h2 class=\"wp-block-heading\">2. TIPOLOG\u00cdA DE COOKIES Y FINALIDADES DE USO<\/h2>\r\n\r\n<p>&nbsp;<\/p>\r\n\r\n<p>La p\u00e1gina web\u00a0<span style=\"background-color: #ffffff;\">https:\/\/www.humanline.es\/<\/span>\u00a0utiliza Cookies de sesi\u00f3n y\/o Cookies persistentes que, a su vez, pueden ser Cookies propias y\/o de terceros.<\/p>\r\n<p>Las Cookies de sesi\u00f3n son cookies dise\u00f1adas para recabar y almacenar datos mientras el\u00a0usuario accede a una p\u00e1gina web. Se suelen emplear para almacenar informaci\u00f3n que solo\u00a0interesa conservar para la prestaci\u00f3n del servicio solicitado por el usuario en una sola ocasi\u00f3n.<\/p>\r\n<p>Las Cookies persistentes son un tipo de cookies en el que los datos siguen almacenados en\u00a0el terminal y a los que se puede acceder y tratar durante un periodo definido por el\u00a0responsable de la cookie, y que puede ir de unos minutos a varios a\u00f1os.<\/p>\r\n<p>Cookies propias: Las creadas o gestionadas por el responsable de la p\u00e1gina web\u00a0<strong style=\"background-color: #ffffff;\">HUMANLINE.<\/strong> La p\u00e1gina web https:\/\/www.humanline.es\/, utiliza Cookies\u00a0propias con las siguientes finalidades:<\/p>\r\n<p><em>&#8211; T\u00e9cnicas:<\/em> permiten al usuario la navegaci\u00f3n la utilizaci\u00f3n de las diferentes\u00a0opciones o servicios que en ella existan como, por ejemplo, controlar el tr\u00e1fico y la\u00a0comunicaci\u00f3n de datos, identificar la sesi\u00f3n, acceder a partes de acceso restringido,\u00a0utilizar elementos de seguridad durante la navegaci\u00f3n, almacenar contenidos.<\/p>\r\n<p><em>&#8211; Personalizaci\u00f3n:<\/em> permiten al usuario acceder al servicio con algunas caracter\u00edsticas\u00a0de car\u00e1cter general predefinidas en funci\u00f3n de una serie de criterios en el terminal<br \/>del usuario como, por ejemplo, recordar preferencias de reproducci\u00f3n de v\u00eddeos.<\/p>\r\n<p><strong>Cookies de terceros:<\/strong> Las administradas por prestadores de servicios ajenos a\u00a0<strong style=\"background-color: #ffffff;\">HUMANLINE.<\/strong><\/p>\r\n<!-- \/wp:paragraph -->\r\n<p>&nbsp;<\/p>\r\n<!-- wp:heading -->\r\n<h2>3. DESACTIVACI\u00d3N O ELIMINACI\u00d3N DE LAS COOKIES<\/h2>\r\n<!-- \/wp:heading -->\r\n<p>&nbsp;<\/p>\r\n<!-- wp:paragraph -->\r\n<p>La mayor\u00eda de navegadores web permite gestionar, en cualquier momento, las preferencias del usuario sobre el uso de las Cookies. El usuario puede ajustar su navegador para que rechace Cookies o elimine determinadas Cookies seg\u00fan su criterio.<\/p>\r\n<p>Para la configuraci\u00f3n de las Cookies el usuario puede acceder a:<\/p>\r\n<p>&#8211; <a href=\"https:\/\/support.google.com\/chrome\/answer\/95647?co=GENIE.Platform=Desktop&amp;&amp;hl=es\" target=\"_blank\" rel=\"noopener\">Google Chrome<\/a><br \/>&#8211; <a href=\"https:\/\/support.mozilla.org\/es\/kb\/impedir-que-los-sitios-web-guarden-sus-preferencia\" target=\"_blank\" rel=\"noopener\">Mozilla Firefox<\/a><br \/>&#8211; <a href=\"https:\/\/support.microsoft.com\/es-es\/help\/17442\/windows-internet-explorer-delete-manage-cookies\" target=\"_blank\" rel=\"noopener\">Internet Explorer<\/a><br \/>&#8211; <a href=\"https:\/\/privacy.microsoft.com\/es-ES\/windows-10-microsoft-edge-and-privacy\" target=\"_blank\" rel=\"noopener\">Microsoft Edge<\/a><br \/>&#8211; <a href=\"https:\/\/support.apple.com\/es-es\/HT201265\" target=\"_blank\" rel=\"noopener\">Safari<\/a><br \/>&#8211; <a href=\"http:\/\/help.opera.com\/Linux\/10.60\/es-ES\/cookies.html\" target=\"_blank\" rel=\"noopener\">Opera<\/a><\/p>\r\n<p>El usuario puede revocar su consentimiento para el uso de Cookies en su navegador a\u00a0trav\u00e9s de las indicaciones anteriores o a trav\u00e9s de la instalaci\u00f3n de un sistema de rechazo, (\u201copt-out\u201d) en su navegador web.<\/p>\r\n<p>En el caso de las Cookies de Google Analytics, el opt-out puede realizarse a trav\u00e9s del <a href=\"https:\/\/tools.google.com\/dlpage\/gaoptout?hl=None\" target=\"_blank\" rel=\"noopener\">siguiente enlace<\/a>.<\/p>\r\n<p>El usuario debe tener en cuenta que algunas caracter\u00edsticas de los contenidos de la P\u00e1gina Web https:\/\/www.humanline.es\/\u00a0solo est\u00e1n disponibles si se permite la instalaci\u00f3n de Cookies en su navegador.<\/p>\r\n<p>Si decide no aceptar o bloquear determinadas Cookies (en funci\u00f3n de su finalidad), puede que esto afecte, total o parcialmente, al funcionamiento normal de la P\u00e1gina Web o que impida el acceso a algunos servicios de la misma.<\/p>\r\n<!-- \/wp:paragraph -->\r\n<p>&nbsp;<\/p>\r\n<!-- wp:heading -->\r\n<h2>4. ACTUALIZACIONES Y CAMBIOS EN LA POL\u00cdTICA DE<br \/>COOKIES<\/h2>\r\n<!-- \/wp:heading -->\r\n<p>&nbsp;<\/p>\r\n<!-- wp:paragraph -->\r\n<p><strong style=\"background-color: #ffffff;\">HUMANLINE<\/strong>\u00a0puede modificar esta Pol\u00edtica de Cookies en funci\u00f3n de nuevas exigencias legislativas, reglamentarias, o con la finalidad de adaptar dicha pol\u00edtica a las instrucciones dictadas por la Agencia Espa\u00f1ola de Protecci\u00f3n de Datos.<\/p>\r\n<p>Si desea m\u00e1s informaci\u00f3n sobre qu\u00e9 uso hacemos de las Cookies, puede enviarnos un email a: info@humanline.es<\/p>\r\n<p>&nbsp;<\/p>\r\n<!-- \/wp:paragraph -->\r\n<p>&nbsp;<\/p>\r\n<p>[\/vc_column_text][\/vc_column][\/vc_row]<\/p><\/div>","protected":false},"excerpt":{"rendered":"<p>[vc_row][vc_column][vc_column_text] 1. \u00bfQU\u00c9 SON LAS COOKIES? &nbsp; HUMANLINE es responsable de la p\u00e1gina web\u00a0https:\/\/www.humanline.es\/, y utiliza cookies y\/u otros archivos de funcionalidad\u00a0similar (en adelante \u201cCookies\u201d). Las Cookies son peque\u00f1os archivos de datos que se env\u00edan al ordenador del usuario,\u00a0tel\u00e9fono m\u00f3vil u otro dispositivo de acceso cuando visita una p\u00e1gina web y que permiten\u00a0obtener informaci\u00f3n relativa [&hellip;]<\/p>\n","protected":false},"author":1,"featured_media":0,"parent":0,"menu_order":0,"comment_status":"closed","ping_status":"closed","template":"","meta":{"footnotes":""},"_links":{"self":[{"href":"https:\/\/www.humanline.es\/index.php\/wp-json\/wp\/v2\/pages\/3043"}],"collection":[{"href":"https:\/\/www.humanline.es\/index.php\/wp-json\/wp\/v2\/pages"}],"about":[{"href":"https:\/\/www.humanline.es\/index.php\/wp-json\/wp\/v2\/types\/page"}],"author":[{"embeddable":true,"href":"https:\/\/www.humanline.es\/index.php\/wp-json\/wp\/v2\/users\/1"}],"replies":[{"embeddable":true,"href":"https:\/\/www.humanline.es\/index.php\/wp-json\/wp\/v2\/comments?post=3043"}],"version-history":[{"count":1,"href":"https:\/\/www.humanline.es\/index.php\/wp-json\/wp\/v2\/pages\/3043\/revisions"}],"predecessor-version":[{"id":3044,"href":"https:\/\/www.humanline.es\/index.php\/wp-json\/wp\/v2\/pages\/3043\/revisions\/3044"}],"wp:attachment":[{"href":"https:\/\/www.humanline.es\/index.php\/wp-json\/wp\/v2\/media?parent=3043"}],"curies":[{"name":"wp","href":"https:\/\/api.w.org\/{rel}","templated":true}]}}