{"id":3039,"date":"2022-10-06T17:37:01","date_gmt":"2022-10-06T17:37:01","guid":{"rendered":"https:\/\/www.humanline.es\/?page_id=3039"},"modified":"2022-10-06T17:37:55","modified_gmt":"2022-10-06T17:37:55","slug":"legal-advice","status":"publish","type":"page","link":"https:\/\/www.humanline.es\/index.php\/en\/legal-advice\/","title":{"rendered":"Legal Advice"},"content":{"rendered":"<div class=\"wpb-content-wrapper\"><p>[vc_row][vc_column][vc_column_text]<\/p>\n<p><strong>Titular de la web<\/strong><\/p>\n<p>El dominio https:\/\/www.humanline.es\u00a0se configura bajo la denominaci\u00f3n profesional HUMANLINE, de la que Digestmarb SL es titular y cuyos datos identificativos son:<\/p>\n<p>B-92485937<\/p>\n<p>Domicilio a efectos de notificaciones: PI. Marismas de Palmones, Edificio Torres de Hercules, Plt.17 , B, 11379 Palmones (C\u00e1diz )<\/p>\n<p>Tel\u00e9fono: (+34) 956 785 333<\/p>\n<p>e-mail: market@humanline.es<\/p>\n<p><strong>Uso de la Web<\/strong><\/p>\n<p>El acceso y uso de la Web atribuye la condici\u00f3n de Usuario del portal, e implica la aceptaci\u00f3n plena y sin reservas de todas y cada una de las condiciones incluidas en el presente Aviso Legal.<\/p>\n<p>El Usuario se obliga a hacer un uso correcto del Portal de conformidad con la Ley 34\/2002, de 11 de Julio, LSSICE y el presente Aviso Legal.<\/p>\n<p>Asimismo responder frente a\u00a0<span style=\"background-color: #ffffff;\">HUMANLINE<\/span>\u00a0o frente a terceros, de cualesquiera datos y perjuicios que pudieran causarse como consecuencia del incumplimiento de dicha obligaci\u00f3n.<\/p>\n<p>Queda expresamente prohibido el uso del Portal con fines lesivos de bienes o intereses de\u00a0<span style=\"background-color: #ffffff;\">HUMANLINE<\/span>\u00a0o de terceros o que de cualquier otra forma sobrecarguen, da\u00f1en o inutilicen las redes, servidores y dem\u00e1s equipos inform\u00e1ticos (hardware) o productos y aplicaciones inform\u00e1ticas (software) de\u00a0<span style=\"background-color: #ffffff;\">HUMANLINE<\/span>\u00a0o de terceros.<\/p>\n<p><strong>Contenido de la Web y enlaces<\/strong><\/p>\n<p>Los contenidos de esta Web tienen como finalidad informar y dar a conocer las instalaciones y servicios ofrecidos por HUMANLINE. Para ello y en aras de ofrecer la m\u00e1xima seguridad posible, el dominio posee un certificado de seguridad (SSL).<\/p>\n<p>El titular no se hace responsable del mal uso que se realice de los contenidos la Web, siendo exclusiva responsabilidad del Usuario que accede a ellos o los utiliza.<\/p>\n<p>Queda prohibido el uso de contenidos de la web para promocionar, contratar o divulgar publicidad o informaci\u00f3n propia o de terceras personas sin la autorizaci\u00f3n de HUMANLINE, ni remitir publicidad o informaci\u00f3n vali\u00e9ndose para ello de los servicios o informaci\u00f3n que se ponen a disposici\u00f3n de los usuarios, independientemente de si la utilizaci\u00f3n es gratuita o no.<\/p>\n<p><strong>Propiedad intelectual de la web<\/strong><\/p>\n<p>Todos los derechos de propiedad intelectual del contenido de esta p\u00e1gina Web, su dise\u00f1o gr\u00e1fico y sus c\u00f3digos fuente, son titularidad exclusiva de\u00a0<span style=\"background-color: #ffffff;\">HUMANLINE<\/span>, correspondi\u00e9ndole el ejercicio exclusivo de los derechos de explotaci\u00f3n de los mismos, sin que pueda entenderse que el acceso al Portal atribuya ning\u00fan derecho sobre estos.<\/p>\n<p>Queda prohibida su reproducci\u00f3n, distribuci\u00f3n, comunicaci\u00f3n p\u00fablica y transformaci\u00f3n, total o parcial, sin la autorizaci\u00f3n expresa de\u00a0<span style=\"background-color: #ffffff;\">HUMANLINE<\/span>.<\/p>\n<p>Igualmente, todos los nombres comerciales, marcas o signos distintos de cualquier clase contenidos en este web site est\u00e1n protegidos por ley.<\/p>\n<p><!-- \/wp:paragraph -->[\/vc_column_text][\/vc_column][\/vc_row]<\/p>\n<\/div>","protected":false},"excerpt":{"rendered":"<p>[vc_row][vc_column][vc_column_text] Titular de la web El dominio https:\/\/www.humanline.es\u00a0se configura bajo la denominaci\u00f3n profesional HUMANLINE, de la que Digestmarb SL es titular y cuyos datos identificativos son: B-92485937 Domicilio a efectos de notificaciones: PI. Marismas de Palmones, Edificio Torres de Hercules, Plt.17 , B, 11379 Palmones (C\u00e1diz ) Tel\u00e9fono: (+34) 956 785 333 e-mail: market@humanline.es Uso [&hellip;]<\/p>\n","protected":false},"author":1,"featured_media":0,"parent":0,"menu_order":0,"comment_status":"closed","ping_status":"closed","template":"","meta":{"footnotes":""},"_links":{"self":[{"href":"https:\/\/www.humanline.es\/index.php\/wp-json\/wp\/v2\/pages\/3039"}],"collection":[{"href":"https:\/\/www.humanline.es\/index.php\/wp-json\/wp\/v2\/pages"}],"about":[{"href":"https:\/\/www.humanline.es\/index.php\/wp-json\/wp\/v2\/types\/page"}],"author":[{"embeddable":true,"href":"https:\/\/www.humanline.es\/index.php\/wp-json\/wp\/v2\/users\/1"}],"replies":[{"embeddable":true,"href":"https:\/\/www.humanline.es\/index.php\/wp-json\/wp\/v2\/comments?post=3039"}],"version-history":[{"count":2,"href":"https:\/\/www.humanline.es\/index.php\/wp-json\/wp\/v2\/pages\/3039\/revisions"}],"predecessor-version":[{"id":3041,"href":"https:\/\/www.humanline.es\/index.php\/wp-json\/wp\/v2\/pages\/3039\/revisions\/3041"}],"wp:attachment":[{"href":"https:\/\/www.humanline.es\/index.php\/wp-json\/wp\/v2\/media?parent=3039"}],"curies":[{"name":"wp","href":"https:\/\/api.w.org\/{rel}","templated":true}]}}