{"id":2979,"date":"2022-09-27T11:11:40","date_gmt":"2022-09-27T11:11:40","guid":{"rendered":"https:\/\/www.humanline.es\/?page_id=2979"},"modified":"2022-09-27T11:14:29","modified_gmt":"2022-09-27T11:14:29","slug":"faq-english","status":"publish","type":"page","link":"https:\/\/www.humanline.es\/index.php\/en\/faq-english\/","title":{"rendered":"FAQ"},"content":{"rendered":"<div class=\"wpb-content-wrapper\"><p>[vc_row][vc_column margin=\u00bbmargin_bottom_grid\u00bb][vc_empty_space][vc_toggle title=\u00bbInformaci\u00f3n emergencias\u00bb open=\u00bbtrue\u00bb el_id=\u00bb1447064341323-f6ee47d8-32bf\u00bb]Si es un caso de emergencia que requiere atenci\u00f3n inmediata, llame al (+34) 956 785 333. Le daremos instrucciones y direcciones. Si conoce la direcci\u00f3n del Centro M\u00e9dico, por favor venga lo m\u00e1s r\u00e1pido posible. Si necesita ser recogido por nuestra parte, h\u00e1ganoslo saber por tel\u00e9fono.[\/vc_toggle][vc_toggle title=\u00bb\u00bfQu\u00e9 puedo esperar en una cita?\u00bb el_id=\u00bb1447064412741-3e356338-032d\u00bb]Cuando llegue al Centro M\u00e9dico, el personal lo recibir\u00e1 y lo sentar\u00e1 en la sala de espera. Lo examinaremos lo m\u00e1s r\u00e1pido posible: el tiempo de espera promedio es de 15 minutos.[\/vc_toggle][vc_toggle title=\u00bb\u00bfQu\u00e9 pasa si soy un nuevo paciente?\u00bb el_id=\u00bb1447064451796-0645cbf1-8947&#8243;]Es posible que se presente usted mismo, que haya sido derivado por otro especialista o por su Seguro M\u00e9dico. Discutiremos su problema y le preguntaremos sobre su historial m\u00e9dico. A continuaci\u00f3n, se realizar\u00e1 un examen exhaustivo. Podemos solicitar ex\u00e1menes y pruebas para asistir y apoyar nuestro diagn\u00f3stico.<\/p>\n<p>Se pueden realizar radiograf\u00edas, an\u00e1lisis de sangre\/orina, ecograf\u00edas, resonancias magn\u00e9ticas y endoscopias sin demora en el mismo edificio. Si tiene ex\u00e1menes y pruebas anteriores relacionados con su condici\u00f3n actual, tr\u00e1igalos a la consulta. Tambi\u00e9n traiga copias de cartas de otros m\u00e9dicos o medicamentos recientes. Nos ayudar\u00e1 a ayudarte.<\/p>\n<p>Discutiremos con usted los resultados de sus ex\u00e1menes y le recomendaremos el tratamiento adecuado. Algunas condiciones pueden ser tratadas inmediatamente por un tratamiento conservador o quir\u00fargico. En casos especiales se puede acompa\u00f1ar a un paciente.<\/p>\n<p>De lo contrario, dependiendo de los resultados de sus ex\u00e1menes, la naturaleza del problema m\u00e9dico y su plan, le daremos de alta de nuestra cl\u00ednica, lo derivaremos a otro profesional de la salud o lo programaremos para una cirug\u00eda. Si se requieren consultas de seguimiento o consultas adicionales, se lo indicaremos y el personal le informar\u00e1 la fecha y la hora de su pr\u00f3xima cita.[\/vc_toggle][vc_toggle title=\u00bb\u00bfCuenta con instalaciones de diagn\u00f3stico por la imagen (rayos X, ultrasonograf\u00eda, tomograf\u00eda computarizada)?\u00bb el_id=\u00bb1447064507869-5e4ee3bd-a327&#8243;]S\u00ed.<\/p>\n<p>Las radiograf\u00edas ordinarias, las vistas panor\u00e1micas de la boca, la ultrasonograf\u00eda, la endoscopia, la tomograf\u00eda computarizada, el esc\u00e1ner de densidad de masa \u00f3sea o el generador de im\u00e1genes l\u00e1ser (revelador digital) se pueden realizar en el lugar.[\/vc_toggle][vc_toggle title=\u00bb\u00bfExaminan a ni\u00f1os en su cl\u00ednica?\u00bb el_id=\u00bb1447064555113-315c72fb-176e\u00bb]S\u00ed.<\/p>\n<p>Un pediatra est\u00e1 disponible de inmediato si es necesario.[\/vc_toggle][vc_toggle title=\u00bb\u00bfQu\u00e9 sucede si necesito una inyecci\u00f3n intramuscular o intravenosa?\u00bb el_id=\u00bb1447065558213-dca24fc1-47a1&#8243;]Ciertos casos requieren inyecciones para una recuperaci\u00f3n r\u00e1pida y completa. Estos pueden incluir antibi\u00f3ticos, antiinflamatorios, anestesia local o esteroides.<br \/>\nLas inyecciones de esteroides y anestesia local son administradas por m\u00e9dicos y los antiinflamatorios\/antibi\u00f3ticos por una enfermera experimentada bajo nuestra supervisi\u00f3n.[\/vc_toggle][vc_toggle title=\u00bb\u00bfQu\u00e9 pasa si necesito anestesia?\u00bb el_id=\u00bb1447065583979-54e0b9c1-ae47&#8243;]Podemos realizar tanto peque\u00f1os o peque\u00f1os procedimientos como anestesia general en nuestro Centro M\u00e9dico.<\/p>\n<p>Para todos estos tr\u00e1mites contamos con un equipo de especialistas que garantiza la seguridad.[\/vc_toggle][vc_toggle title=\u00bb\u00bfQu\u00e9 sucede si necesito una receta?\u00bb el_id=\u00bb1447065607650-fbb48814-35d7&#8243;]Podemos prescribir, por ejemplo, un tratamiento analg\u00e9sico para su afecci\u00f3n. H\u00e1ganos saber en caso de que tenga alguna alergia u otra condici\u00f3n m\u00e9dica.<\/p>\n<p>Si ya ha estado tomando medicamentos recetados por su m\u00e9dico de cabecera, tr\u00e1igalos con usted para aclaraciones o posibles interacciones de medicamentos y correlaciones con la nueva afecci\u00f3n.[\/vc_toggle][vc_toggle title=\u00bbSeguros y Facturaci\u00f3n\u00bb el_id=\u00bb1447065636406-978b4ed0-e711&#8243;]<strong>\u00bfAceptan mi seguro?<\/strong><\/p>\n<p>Nuestro Centro M\u00e9dico acepta la mayor\u00eda de las Compa\u00f1\u00edas de Seguros reconocidas internacionalmente con afiliado.<\/p>\n<p>Si este no es su caso, o si no tiene cobertura de seguro, se espera que pague la factura en efectivo o con tarjeta de cr\u00e9dito al final de la consulta. Se le entrega el recibo original, la copia firmada de la factura de la tarjeta de cr\u00e9dito, el informe m\u00e9dico y los resultados de las pruebas realizadas para que los entregue a su seguro privado para su reembolso.<\/p>\n<p>Una estimaci\u00f3n de los honorarios y costos de consulta, investigaciones o cirug\u00eda est\u00e1n disponibles a pedido.<\/p>\n<p><strong>\u00bfNecesito una referencia?<\/strong><\/p>\n<p>Si tiene un seguro privado con un afiliado, la referencia puede enviarnos su compa\u00f1\u00eda de seguros por fax o correo electr\u00f3nico. Le sugerimos que se comunique con su seguro para obtener esta referencia antes de su visita a nuestras oficinas.<\/p>\n<p>Si no tienes cobertura de seguro, no dudes en acudir a nuestro Centro M\u00e9dico. El procedimiento de facturaci\u00f3n es el explicado anteriormente.[\/vc_toggle][vc_toggle title=\u00bb\u00bfDisponen de aparcamiento?\u00bb el_id=\u00bb1447065710387-d413605d-104e\u00bb]S\u00ed.<\/p>\n<p>Aparcamiento gratuito disponible en frente y alrededor del Centro M\u00e9dico.[\/vc_toggle][\/vc_column][\/vc_row]<\/p>\n<\/div>","protected":false},"excerpt":{"rendered":"<p>[vc_row][vc_column margin=\u00bbmargin_bottom_grid\u00bb][vc_empty_space][vc_toggle title=\u00bbInformaci\u00f3n emergencias\u00bb open=\u00bbtrue\u00bb el_id=\u00bb1447064341323-f6ee47d8-32bf\u00bb]Si es un caso de emergencia que requiere atenci\u00f3n inmediata, llame al (+34) 956 785 333. Le daremos instrucciones y direcciones. Si conoce la direcci\u00f3n del Centro M\u00e9dico, por favor venga lo m\u00e1s r\u00e1pido posible. Si necesita ser recogido por nuestra parte, h\u00e1ganoslo saber por tel\u00e9fono.[\/vc_toggle][vc_toggle title=\u00bb\u00bfQu\u00e9 puedo esperar en [&hellip;]<\/p>\n","protected":false},"author":1,"featured_media":0,"parent":0,"menu_order":0,"comment_status":"closed","ping_status":"closed","template":"","meta":{"footnotes":""},"_links":{"self":[{"href":"https:\/\/www.humanline.es\/index.php\/wp-json\/wp\/v2\/pages\/2979"}],"collection":[{"href":"https:\/\/www.humanline.es\/index.php\/wp-json\/wp\/v2\/pages"}],"about":[{"href":"https:\/\/www.humanline.es\/index.php\/wp-json\/wp\/v2\/types\/page"}],"author":[{"embeddable":true,"href":"https:\/\/www.humanline.es\/index.php\/wp-json\/wp\/v2\/users\/1"}],"replies":[{"embeddable":true,"href":"https:\/\/www.humanline.es\/index.php\/wp-json\/wp\/v2\/comments?post=2979"}],"version-history":[{"count":1,"href":"https:\/\/www.humanline.es\/index.php\/wp-json\/wp\/v2\/pages\/2979\/revisions"}],"predecessor-version":[{"id":2980,"href":"https:\/\/www.humanline.es\/index.php\/wp-json\/wp\/v2\/pages\/2979\/revisions\/2980"}],"wp:attachment":[{"href":"https:\/\/www.humanline.es\/index.php\/wp-json\/wp\/v2\/media?parent=2979"}],"curies":[{"name":"wp","href":"https:\/\/api.w.org\/{rel}","templated":true}]}}