{"id":2849,"date":"2022-07-12T18:18:00","date_gmt":"2022-07-12T18:18:00","guid":{"rendered":"https:\/\/www.humanline.es\/?page_id=2849"},"modified":"2022-07-14T18:01:33","modified_gmt":"2022-07-14T18:01:33","slug":"aparato-digestivo","status":"publish","type":"page","link":"https:\/\/www.humanline.es\/index.php\/aparato-digestivo\/","title":{"rendered":"Aparato digestivo"},"content":{"rendered":"<div class=\"wpb-content-wrapper\"><p>[vc_row full_width=\u00bb0&#8243; full_height=\u00bb0&#8243; particles=\u00bb0&#8243; css=\u00bb.vc_custom_1657650149794{padding-top: 0px !important;padding-bottom: 0px !important;}\u00bb][vc_column][vc_empty_space][\/vc_column][\/vc_row][vc_row full_width=\u00bb0&#8243; full_height=\u00bb0&#8243; particles=\u00bb0&#8243; css=\u00bb.vc_custom_1657819400244{padding-bottom: 0px !important;}\u00bb][vc_column]<div class=\"section_header subtitle_bottom   elegant text-left\">\n\n    <h2>APARATO DIGESTIVO &#8211; CIRUG\u00cdA DIGESTIVA &#8211; PSICOLOG\u00cdA DIGESTIVA<\/h2>\n\n\n        <p ><\/p>\n<\/div>[vc_empty_space][vc_row_inner css=\u00bb.vc_custom_1657819326346{padding-bottom: 20px !important;}\u00bb][vc_column_inner width=\u00bb1\/2&#8243;][vc_column_text]El Instituto de Enfermedades Digestivas Dr. Carlos de Sola es un centro de alta especializaci\u00f3n cl\u00ednica en el \u00e1rea digestiva. Cuenta con profesionales de gran prestigio en sus respectivas \u00e1reas de trabajo y con una larga trayectoria profesional.<\/p>\n<p>La especialidad de Aparato Digestivo es muy amplia. De una parte, se ocupa de diagnosticar y tratar las enfermedades originadas en el tubo digestivo (es\u00f3fago, est\u00f3mago, intestino delgado, colon, recto y ano) y el h\u00edgado, la ves\u00edcula biliar y el p\u00e1ncreas. Pero, adem\u00e1s, es de importancia vital que quienes son expertos en este campo se ocupen de formar y promocionar h\u00e1bitos saludables en su \u00e1rea, dirigidos a prevenir los problemas y mantener la salud f\u00edsica y psicol\u00f3gica de la persona en su globalidad.<\/p>\n<p>De ah\u00ed que el espectro de actividades de Instituto de Enfermedades Digestivas Dr. Carlos de Sola sea tan amplio:<\/p>\n<p>\u2022 Epidemiolog\u00eda y Medicina Preventiva de las enfermedades digestivas<br \/>\n\u2022 Estudio gen\u00e9tico de las enfermedades digestivas<br \/>\n\u2022 Gastroenterolog\u00eda general<br \/>\n\u2022 Hepatolog\u00eda<br \/>\n\u2022 Desordenes de los conductos biliares y p\u00e1ncreas<br \/>\n\u2022 Enfermedades inflamatorias intestinales<br \/>\n\u2022 Estudio de la motilidad digestiva<br \/>\n\u2022 Proctolog\u00eda<br \/>\n\u2022 Endocrinolog\u00eda y nutrici\u00f3n<br \/>\n\u2022 Trastornos de la alimentaci\u00f3n y obesidad<br \/>\n\u2022 Ecograf\u00eda del aparato digestivo<br \/>\n\u2022 Detecci\u00f3n del c\u00e1ncer digestivo<br \/>\n\u2022 Endoscopia digestiva<br \/>\n\u2022 T\u00e9cnicas endosc\u00f3picas para el tratamiento de enfermedades digestivas<br \/>\n\u2022 Cirug\u00eda del aparato digestivo<br \/>\n\u2022 Cirug\u00eda de la obesidad y del sistema endocrinol\u00f3gico[\/vc_column_text][vc_empty_space]<div class=\"team_members_grid row\">\n\n\n    <div class=\"col-sm-6 col-md-3\">\n      <div class=\"team_member teaser_box centered same_height_col \">\n\n        <a href=\"https:\/\/www.humanline.es\/index.php\/profile\/dr-carlos-miguel-de-sola-earle\/\" style=\"background-image: url('https:\/\/www.humanline.es\/wp-content\/uploads\/2015\/11\/dr-carlos-miguel-de-sola-earle.jpg')\" data-colorset=\"\" class=\"linkify figure stretchy_wrapper ratio_1-1\">\n          <img decoding=\"async\" src=\"https:\/\/www.humanline.es\/wp-content\/uploads\/2015\/11\/dr-carlos-miguel-de-sola-earle.jpg\" title=\"Dr. Carlos Miguel de Sola Earle\" class=\"hide\" \/>\n        <\/a>\n\n\n        <div class=\"content boxed  with_button \">\n\n          <div class=\"hgroup\">\n            <h4>Dr. Carlos Miguel de Sola Earle<\/h4>\n             <p>Jefe de Aparato Digestivo<\/p> \n          <\/div>\n\n          <div class=\"team_social\">\n          <\/div>\n\n          <div class=\"desc\">\n            <p><\/p>\n          <\/div>\n\n          <div class=\"link\">\n            <a href=\"https:\/\/www.humanline.es\/index.php\/profile\/dr-carlos-miguel-de-sola-earle\/\" data-colorset=\"\" class=\"linkify btn btn-xs btn-default\">+ Info<\/a>\n          <\/div>\n\n        <\/div>\n\n      <\/div>\n    <\/div>\n\n\n<\/div>[\/vc_column_inner][vc_column_inner width=\u00bb1\/2&#8243;][vc_single_image image=\u00bb2850&#8243; img_size=\u00bbfull\u00bb alignment=\u00bbcenter\u00bb][\/vc_column_inner][\/vc_row_inner][vc_empty_space][\/vc_column][\/vc_row][vc_row color_set=\u00bbsecondary_section\u00bb full_width=\u00bb0&#8243; full_height=\u00bb0&#8243; sep_top=\u00bbseparator_top sep_angled_positive_top\u00bb particles=\u00bb0&#8243; css=\u00bb.vc_custom_1657819428772{margin-top: 20px !important;padding-top: 30px !important;padding-right: 30px !important;padding-bottom: 30px !important;padding-left: 30px !important;}\u00bb][vc_column width=\u00bb1\/2&#8243;][vc_single_image image=\u00bb2871&#8243; img_size=\u00bb300&#215;213&#8243; alignment=\u00bbcenter\u00bb style=\u00bbvc_box_shadow_circle\u00bb]<div class=\"section_header subtitle_bottom   elegant text-center\">\n\n    <h2 style=\"text-align: center;\"><a href=\"https:\/\/www.humanline.es\/index.php\/urgencias\/\">Urgencias<\/a><\/h2>\n\n\n        <p ><\/p>\n<\/div>[\/vc_column][vc_column width=\u00bb1\/2&#8243;][vc_single_image image=\u00bb2870&#8243; img_size=\u00bb300&#215;213&#8243; alignment=\u00bbcenter\u00bb style=\u00bbvc_box_shadow_circle\u00bb]<div class=\"section_header subtitle_bottom   elegant text-center\">\n\n    <h2 style=\"text-align: center;\"><a href=\"https:\/\/www.humanline.es\/index.php\/departments\/centro-radiologico-humanline-sotogrande\/\">Centro Radiol\u00f3gico<\/a><\/h2>\n\n\n        <p ><\/p>\n<\/div>[\/vc_column][\/vc_row]<\/p>\n<\/div>","protected":false},"excerpt":{"rendered":"<p>[vc_row full_width=\u00bb0&#8243; full_height=\u00bb0&#8243; particles=\u00bb0&#8243; css=\u00bb.vc_custom_1657650149794{padding-top: 0px !important;padding-bottom: 0px !important;}\u00bb][vc_column][vc_empty_space][\/vc_column][\/vc_row][vc_row full_width=\u00bb0&#8243; full_height=\u00bb0&#8243; particles=\u00bb0&#8243; css=\u00bb.vc_custom_1657819400244{padding-bottom: 0px !important;}\u00bb][vc_column][vc_empty_space][vc_row_inner css=\u00bb.vc_custom_1657819326346{padding-bottom: 20px !important;}\u00bb][vc_column_inner width=\u00bb1\/2&#8243;][vc_column_text]El Instituto de Enfermedades Digestivas Dr. Carlos de Sola es un centro de alta especializaci\u00f3n cl\u00ednica en el \u00e1rea digestiva. Cuenta con profesionales de gran prestigio en sus respectivas \u00e1reas de trabajo y con una larga trayectoria [&hellip;]<\/p>\n","protected":false},"author":1,"featured_media":2252,"parent":0,"menu_order":0,"comment_status":"closed","ping_status":"closed","template":"","meta":{"footnotes":""},"_links":{"self":[{"href":"https:\/\/www.humanline.es\/index.php\/wp-json\/wp\/v2\/pages\/2849"}],"collection":[{"href":"https:\/\/www.humanline.es\/index.php\/wp-json\/wp\/v2\/pages"}],"about":[{"href":"https:\/\/www.humanline.es\/index.php\/wp-json\/wp\/v2\/types\/page"}],"author":[{"embeddable":true,"href":"https:\/\/www.humanline.es\/index.php\/wp-json\/wp\/v2\/users\/1"}],"replies":[{"embeddable":true,"href":"https:\/\/www.humanline.es\/index.php\/wp-json\/wp\/v2\/comments?post=2849"}],"version-history":[{"count":9,"href":"https:\/\/www.humanline.es\/index.php\/wp-json\/wp\/v2\/pages\/2849\/revisions"}],"predecessor-version":[{"id":2874,"href":"https:\/\/www.humanline.es\/index.php\/wp-json\/wp\/v2\/pages\/2849\/revisions\/2874"}],"wp:featuredmedia":[{"embeddable":true,"href":"https:\/\/www.humanline.es\/index.php\/wp-json\/wp\/v2\/media\/2252"}],"wp:attachment":[{"href":"https:\/\/www.humanline.es\/index.php\/wp-json\/wp\/v2\/media?parent=2849"}],"curies":[{"name":"wp","href":"https:\/\/api.w.org\/{rel}","templated":true}]}}