{"id":255,"date":"2015-09-29T11:36:16","date_gmt":"2015-09-29T11:36:16","guid":{"rendered":"http:\/\/plethorathemes.com\/healthx\/?page_id=255"},"modified":"2023-11-28T08:38:12","modified_gmt":"2023-11-28T08:38:12","slug":"humanline-contacto","status":"publish","type":"page","link":"https:\/\/www.humanline.es\/index.php\/humanline-contacto\/","title":{"rendered":"Contacto"},"content":{"rendered":"<div class=\"wpb-content-wrapper\"><p>[vc_row full_width=\u00bb0&#8243; full_height=\u00bb0&#8243; row_padding=\u00bbno_top_padding\u00bb particles=\u00bb0&#8243;][vc_column width=\u00bb1\/2&#8243; heading_align=\u00bbtext-center\u00bb color_set=\u00bbsecondary_section\u00bb boxed=\u00bbboxed_plus\u00bb margin=\u00bbmargin_bottom_grid\u00bb][vc_empty_space height=\u00bb64px\u00bb]\n<div class=\"wpcf7 no-js\" id=\"wpcf7-f5-o1\" lang=\"en-US\" dir=\"ltr\">\n<div class=\"screen-reader-response\"><p role=\"status\" aria-live=\"polite\" aria-atomic=\"true\"><\/p> <ul><\/ul><\/div>\n<form action=\"\/index.php\/wp-json\/wp\/v2\/pages\/255#wpcf7-f5-o1\" method=\"post\" class=\"wpcf7-form init\" aria-label=\"Contact form\" novalidate=\"novalidate\" data-status=\"init\">\n<div style=\"display: none;\">\n<input type=\"hidden\" name=\"_wpcf7\" value=\"5\" \/>\n<input type=\"hidden\" name=\"_wpcf7_version\" value=\"5.9.2\" \/>\n<input type=\"hidden\" name=\"_wpcf7_locale\" value=\"en_US\" \/>\n<input type=\"hidden\" name=\"_wpcf7_unit_tag\" value=\"wpcf7-f5-o1\" \/>\n<input type=\"hidden\" name=\"_wpcf7_container_post\" value=\"0\" \/>\n<input type=\"hidden\" name=\"_wpcf7_posted_data_hash\" value=\"\" \/>\n<\/div>\n<p>Nombre (obligatorio)\n<\/p>\n<p><span class=\"wpcf7-form-control-wrap\" data-name=\"your-name\"><input size=\"40\" class=\"wpcf7-form-control wpcf7-form-control form-control wpcf7-validates-as-required\" aria-required=\"true\" aria-invalid=\"false\" value=\"\" type=\"text\" name=\"your-name\" \/><\/span>\n<\/p>\n<p>Email (obligatorio)\n<\/p>\n<p><span class=\"wpcf7-form-control-wrap\" data-name=\"your-email\"><input size=\"40\" class=\"wpcf7-form-control wpcf7-form-control form-control wpcf7-validates-as-required wpcf7-form-control form-control wpcf7-validates-as-email\" aria-required=\"true\" aria-invalid=\"false\" value=\"\" type=\"email\" name=\"your-email\" \/><\/span>\n<\/p>\n<p>Asunto\n<\/p>\n<p><span class=\"wpcf7-form-control-wrap\" data-name=\"your-subject\"><input size=\"40\" class=\"wpcf7-form-control wpcf7-form-control form-control\" aria-invalid=\"false\" value=\"\" type=\"text\" name=\"your-subject\" \/><\/span>\n<\/p>\n<p>Mensaje\n<\/p>\n<p><span class=\"wpcf7-form-control-wrap\" data-name=\"your-message\"><textarea cols=\"40\" rows=\"10\" class=\"wpcf7-form-control wpcf7-form-control wpcf7-form-control form-control\" aria-invalid=\"false\" name=\"your-message\"><\/textarea><\/span>\n<\/p>\n<p style=\"margin-bottom: 25px;\">\n<\/p>\n<p><span class=\"wpcf7-form-control-wrap\" data-name=\"acceptance-327\"><span class=\"wpcf7-form-control wpcf7-acceptance\"><span class=\"wpcf7-list-item\"><input type=\"checkbox\" name=\"acceptance-327\" value=\"1\" aria-invalid=\"false\" \/><\/span><\/span><\/span> He leido y acepto la <a href=\"https:\/\/www.humanline.es\/index.php\/politica-de-privacidad\/\">POL\u00cdTICA DE PROTECCI\u00d3N DE DATOS.<\/a>\n<\/p>\n<p style=\"margin-bottom: 25px;\">\n<\/p>\n<p><input class=\"wpcf7-form-control wpcf7-submit btn btn-primary has-spinner\" type=\"submit\" value=\"ENVIAR\" \/>\n<\/p><div class=\"wpcf7-response-output\" aria-hidden=\"true\"><\/div>\n<\/form>\n<\/div>\n[vc_empty_space][\/vc_column][vc_column width=\u00bb1\/2&#8243; heading_align=\u00bbtext-center\u00bb boxed=\u00bbboxed_plus\u00bb][vc_empty_space height=\u00bb64px\u00bb][vc_single_image image=\u00bb2111&#8243; img_size=\u00bbfull\u00bb][vc_text_separator title=\u00bbInformaci\u00f3n de contacto\u00bb title_align=\u00bbseparator_align_left\u00bb css=\u00bb.vc_custom_1654255471065{margin-bottom: 40px !important;}\u00bb][vc_column_text]<\/p>\n<div class=\"wpb_text_column wpb_content_element \">\n<div class=\"wpb_wrapper\">\n<p><strong>HOSPITAL DE D\u00cdA HUMANLINE SOTOGRANDE<br \/>\nCENTRO RADIOL\u00d3GICO HUMANLINE SOTOGRANDE<br \/>\n<\/strong><\/p>\n<p><strong>(+34) 956 785 333<\/strong><\/p>\n<p><strong>info@humanline.es<\/strong><\/p>\n<p><strong>C.C. Sotomarket. A7. Salida 130 11310 Sotogrande (C\u00e1diz)<\/strong> <small><a href=\"https:\/\/www.google.com\/maps\/place\/Cl%C3%ADnica+Humanline+Sotogrande\/@36.2913956,-5.3010546,15z\/data=!4m5!3m4!1s0x0:0x8d94d3856ed0b1d9!8m2!3d36.2913956!4d-5.3010546?hl=es\">como llegar<\/a><\/small><\/p>\n<\/div>\n<\/div>\n<p>[\/vc_column_text][vc_column_text]<\/p>\n<div class=\"wpb_text_column wpb_content_element \">\n<div class=\"wpb_wrapper\">\n<p><strong>CENTRO M\u00c9DICO HUMANLINE JIMENA<\/strong><\/p>\n<p><strong>(+34) 956 641 359<\/strong><\/p>\n<p><strong>info@humanline.es<\/strong><\/p>\n<p><strong>C\/ Reina de los \u00c1ngeles 23. 11339 Jimena de la Frontera, C\u00e1diz<\/strong> <small><a href=\"https:\/\/www.google.com\/maps\/place\/Cl%C3%ADnicas+Humanline+Jimena\/@36.4210471,-5.4364696,15z\/data=!4m5!3m4!1s0x0:0xd17c11809cb585d7!8m2!3d36.4210429!4d-5.4364659\">como llegar<\/a><\/small><\/p>\n<\/div>\n<\/div>\n<p>[\/vc_column_text][vc_text_separator title=\u00bbPedir cita\u00bb title_align=\u00bbseparator_align_left\u00bb css=\u00bb.vc_custom_1654255677815{margin-top: 25px !important;margin-bottom: 40px !important;}\u00bb][vc_column_text]Si desea reservar una cita con un m\u00e9dico, <a href=\"#\">PULSE AQU\u00cd<\/a>.[\/vc_column_text][vc_text_separator title=\u00bbAseguradoras &amp; Mutuas\u00bb title_align=\u00bbseparator_align_left\u00bb css=\u00bb.vc_custom_1654255767033{margin-top: 25px !important;margin-bottom: 40px !important;}\u00bb][vc_column_text]Para comprobar los principales proveedores de seguros y compa\u00f1\u00edas de asistencia internacionales que trabajan con nosotros, <a href=\"https:\/\/www.humanline.es\/index.php\/aseguradoras-mutuas\/\">PULSE AQU\u00cd<\/a>.[\/vc_column_text][\/vc_column][\/vc_row]<\/p>\n<\/div>","protected":false},"excerpt":{"rendered":"<p>[vc_row full_width=\u00bb0&#8243; full_height=\u00bb0&#8243; row_padding=\u00bbno_top_padding\u00bb particles=\u00bb0&#8243;][vc_column width=\u00bb1\/2&#8243; heading_align=\u00bbtext-center\u00bb color_set=\u00bbsecondary_section\u00bb boxed=\u00bbboxed_plus\u00bb margin=\u00bbmargin_bottom_grid\u00bb][vc_empty_space height=\u00bb64px\u00bb][vc_empty_space][\/vc_column][vc_column width=\u00bb1\/2&#8243; heading_align=\u00bbtext-center\u00bb boxed=\u00bbboxed_plus\u00bb][vc_empty_space height=\u00bb64px\u00bb][vc_single_image image=\u00bb2111&#8243; img_size=\u00bbfull\u00bb][vc_text_separator title=\u00bbInformaci\u00f3n de contacto\u00bb title_align=\u00bbseparator_align_left\u00bb css=\u00bb.vc_custom_1654255471065{margin-bottom: 40px !important;}\u00bb][vc_column_text] HOSPITAL DE D\u00cdA HUMANLINE SOTOGRANDE CENTRO RADIOL\u00d3GICO HUMANLINE SOTOGRANDE (+34) 956 785 333 info@humanline.es C.C. Sotomarket. A7. Salida 130 11310 Sotogrande (C\u00e1diz) como llegar [\/vc_column_text][vc_column_text] CENTRO M\u00c9DICO HUMANLINE JIMENA (+34) 956 [&hellip;]<\/p>\n","protected":false},"author":1,"featured_media":2509,"parent":0,"menu_order":0,"comment_status":"closed","ping_status":"closed","template":"","meta":{"footnotes":""},"_links":{"self":[{"href":"https:\/\/www.humanline.es\/index.php\/wp-json\/wp\/v2\/pages\/255"}],"collection":[{"href":"https:\/\/www.humanline.es\/index.php\/wp-json\/wp\/v2\/pages"}],"about":[{"href":"https:\/\/www.humanline.es\/index.php\/wp-json\/wp\/v2\/types\/page"}],"author":[{"embeddable":true,"href":"https:\/\/www.humanline.es\/index.php\/wp-json\/wp\/v2\/users\/1"}],"replies":[{"embeddable":true,"href":"https:\/\/www.humanline.es\/index.php\/wp-json\/wp\/v2\/comments?post=255"}],"version-history":[{"count":8,"href":"https:\/\/www.humanline.es\/index.php\/wp-json\/wp\/v2\/pages\/255\/revisions"}],"predecessor-version":[{"id":3233,"href":"https:\/\/www.humanline.es\/index.php\/wp-json\/wp\/v2\/pages\/255\/revisions\/3233"}],"wp:featuredmedia":[{"embeddable":true,"href":"https:\/\/www.humanline.es\/index.php\/wp-json\/wp\/v2\/media\/2509"}],"wp:attachment":[{"href":"https:\/\/www.humanline.es\/index.php\/wp-json\/wp\/v2\/media?parent=255"}],"curies":[{"name":"wp","href":"https:\/\/api.w.org\/{rel}","templated":true}]}}