{"id":2548,"date":"2022-06-03T15:32:42","date_gmt":"2022-06-03T15:32:42","guid":{"rendered":"https:\/\/www.humanline.es\/?page_id=2548"},"modified":"2022-06-03T15:32:42","modified_gmt":"2022-06-03T15:32:42","slug":"covid-19-prueba-pcr","status":"publish","type":"page","link":"https:\/\/www.humanline.es\/index.php\/covid-19-prueba-pcr\/","title":{"rendered":"Covid 19 &#8211; Prueba PCR"},"content":{"rendered":"<div class=\"wpb-content-wrapper\"><p>[vc_row full_width=\u00bb0&#8243; full_height=\u00bb0&#8243; particles=\u00bb0&#8243; css=\u00bb.vc_custom_1654249426941{padding-bottom: 0px !important;}\u00bb][vc_column]<div class=\"section_header subtitle_bottom   vc_custom_1654270304051 elegant text-left\">\n\n    <h3 style=\"margin-bottom: 25px;\">Prueba PCR<\/h3>\n\n\n        <p >Detecta si estas infectado actualmente.<\/p>\n<\/div>[\/vc_column][\/vc_row][vc_row full_width=\u00bb0&#8243; full_height=\u00bb1&#8243; particles=\u00bb0&#8243; css=\u00bb.vc_custom_1654248894150{padding-top: 0px !important;padding-bottom: 0px !important;}\u00bb][vc_column width=\u00bb1\/2&#8243;]<div class=\"pl_fixed_ratio_media  \">\n    <div class=\"stretchy_wrapper ratio_1-1   bg_vtop\" style=\"background-image: url('https:\/\/www.humanline.es\/wp-content\/uploads\/2022\/06\/test-covid-d.jpg');\">\n      <img decoding=\"async\" alt=\"\" src=\"https:\/\/www.humanline.es\/wp-content\/uploads\/2022\/06\/test-covid-d.jpg\">\n    <\/div>\n\n<\/div>[\/vc_column][vc_column width=\u00bb1\/2&#8243;][vc_column_text]<strong>* Muestra nasofar\u00edngea.<\/strong><\/p>\n<p><strong>* Resultado en 1h**.<\/strong><\/p>\n<p><strong>* Sensibilidad muy alta durante la fase de infecci\u00f3n.<\/strong><\/p>\n<div style=\"font-size: 12px;\">\n<p><strong>Informaci\u00f3n:<\/strong><\/p>\n<p>La prueba PCR COVID-19 detecta la presencia del virus causante de la Covid-19 en las v\u00edas respiratorias. Se realiza mediante introducci\u00f3n de un hisopo (un bastoncillo fino) por las fosas nasales hasta la faringe recogiendo las secreciones de la mucosa. A trav\u00e9s de t\u00e9cnicas de biolog\u00eda molecular se detecta la presencia o ausencia del ARN viral en la muestra en un plazo de 1-3 d\u00edas. No es necesario acudir en ayunas.<\/p>\n<p>La PCR de COVID-19 es la prueba de referencia en el caso de personas con sintomatolog\u00eda compatible con Covid-19 o en aquellos casos en los que se requiere descartar con seguridad una infecci\u00f3n activa.<\/p>\n<p>Un resultado negativo indica ausencia de infecci\u00f3n activa (no se detecta presencia del virus). Sin embargo, no excluye que el paciente haya estado expuesto al virus y tras superar la enfermedad no haya presencia viral. En el caso de sospecha de una infecci\u00f3n pasada, se recomienda el estudio serol\u00f3gico de anticuerpos frente a SARS-CoV-2.<\/p>\n<p>Consulte inmediatamente a su m\u00e9dico de cabecera o centro de salud en caso de resultado positivo de la prueba. Use mascarilla, extreme la higiene de manos y a\u00edslese en casa excepto si su m\u00e9dico le indica que debe acudir a dependencias m\u00e9dicas. Si desea que el seguimiento de su caso se lleve a cabo en un centro Humanline, llame al tel\u00e9fono 956 785 333 para solicitar cita urgente.<\/p>\n<\/div>\n<p>[\/vc_column_text]<div class=\"plethora_button wpb_content_element   text-left \">\n    <a href=\"#\" debug class=\" btn btn-primary  \" title=\"\"  target=\"_self\">\n\n        \n        Contacta con nosotros\n        \n\n    <\/a>\n<\/div>[\/vc_column][\/vc_row]<\/p>\n<\/div>","protected":false},"excerpt":{"rendered":"<p>[vc_row full_width=\u00bb0&#8243; full_height=\u00bb0&#8243; particles=\u00bb0&#8243; css=\u00bb.vc_custom_1654249426941{padding-bottom: 0px !important;}\u00bb][vc_column][\/vc_column][\/vc_row][vc_row full_width=\u00bb0&#8243; full_height=\u00bb1&#8243; particles=\u00bb0&#8243; css=\u00bb.vc_custom_1654248894150{padding-top: 0px !important;padding-bottom: 0px !important;}\u00bb][vc_column width=\u00bb1\/2&#8243;][\/vc_column][vc_column width=\u00bb1\/2&#8243;][vc_column_text]* Muestra nasofar\u00edngea. * Resultado en 1h**. * Sensibilidad muy alta durante la fase de infecci\u00f3n. Informaci\u00f3n: La prueba PCR COVID-19 detecta la presencia del virus causante de la Covid-19 en las v\u00edas respiratorias. Se realiza mediante introducci\u00f3n de [&hellip;]<\/p>\n","protected":false},"author":1,"featured_media":2487,"parent":0,"menu_order":0,"comment_status":"closed","ping_status":"closed","template":"","meta":{"footnotes":""},"_links":{"self":[{"href":"https:\/\/www.humanline.es\/index.php\/wp-json\/wp\/v2\/pages\/2548"}],"collection":[{"href":"https:\/\/www.humanline.es\/index.php\/wp-json\/wp\/v2\/pages"}],"about":[{"href":"https:\/\/www.humanline.es\/index.php\/wp-json\/wp\/v2\/types\/page"}],"author":[{"embeddable":true,"href":"https:\/\/www.humanline.es\/index.php\/wp-json\/wp\/v2\/users\/1"}],"replies":[{"embeddable":true,"href":"https:\/\/www.humanline.es\/index.php\/wp-json\/wp\/v2\/comments?post=2548"}],"version-history":[{"count":1,"href":"https:\/\/www.humanline.es\/index.php\/wp-json\/wp\/v2\/pages\/2548\/revisions"}],"predecessor-version":[{"id":2549,"href":"https:\/\/www.humanline.es\/index.php\/wp-json\/wp\/v2\/pages\/2548\/revisions\/2549"}],"wp:featuredmedia":[{"embeddable":true,"href":"https:\/\/www.humanline.es\/index.php\/wp-json\/wp\/v2\/media\/2487"}],"wp:attachment":[{"href":"https:\/\/www.humanline.es\/index.php\/wp-json\/wp\/v2\/media?parent=2548"}],"curies":[{"name":"wp","href":"https:\/\/api.w.org\/{rel}","templated":true}]}}