{"id":2543,"date":"2022-06-03T15:29:55","date_gmt":"2022-06-03T15:29:55","guid":{"rendered":"https:\/\/www.humanline.es\/?page_id=2543"},"modified":"2022-06-03T15:29:55","modified_gmt":"2022-06-03T15:29:55","slug":"covid-19-prueba-de-antigeno","status":"publish","type":"page","link":"https:\/\/www.humanline.es\/index.php\/covid-19-prueba-de-antigeno\/","title":{"rendered":"Covid 19 &#8211; Prueba de ant\u00edgeno"},"content":{"rendered":"<div class=\"wpb-content-wrapper\"><p>[vc_row full_width=\u00bb0&#8243; full_height=\u00bb0&#8243; particles=\u00bb0&#8243; css=\u00bb.vc_custom_1654249426941{padding-bottom: 0px !important;}\u00bb][vc_column]<div class=\"section_header subtitle_bottom   vc_custom_1654270113738 elegant text-left\">\n\n    <h3 style=\"margin-bottom: 25px;\">Prueba de ant\u00edgeno<\/h3>\n\n\n        <p >Detecta si estas infectado.<\/p>\n<\/div>[\/vc_column][\/vc_row][vc_row full_width=\u00bb0&#8243; full_height=\u00bb1&#8243; particles=\u00bb0&#8243; css=\u00bb.vc_custom_1654248894150{padding-top: 0px !important;padding-bottom: 0px !important;}\u00bb][vc_column width=\u00bb1\/2&#8243;]<div class=\"pl_fixed_ratio_media  \">\n    <div class=\"stretchy_wrapper ratio_1-1   bg_vtop\" style=\"background-image: url('https:\/\/www.humanline.es\/wp-content\/uploads\/2022\/06\/test-covid-c.jpg');\">\n      <img decoding=\"async\" alt=\"\" src=\"https:\/\/www.humanline.es\/wp-content\/uploads\/2022\/06\/test-covid-c.jpg\">\n    <\/div>\n\n<\/div>[\/vc_column][vc_column width=\u00bb1\/2&#8243;][vc_column_text]<strong>* Muestra nasofar\u00edngea.<\/strong><\/p>\n<p><strong>* Resultado en minutos.<\/strong><\/p>\n<p><strong>* Sensibilidad 100% de 0-3 d\u00edas, 90% de 4-7 d\u00eda.<\/strong><\/p>\n<div style=\"font-size: 12px;\">\n<p><strong>Informaci\u00f3n:<\/strong><\/p>\n<p>El ant\u00edgeno de COVID-19 es una prueba de diagn\u00f3stico directo del virus que detecta part\u00edculas estructurales del mismo en muestras respiratorias (hisopo nasofar\u00edngeo). No es necesario encontrarse en ayunas.<\/p>\n<p>La gran ventaja es el tiempo de respuesta en el resultado (minutos) y la elevada sensibilidad en los primeros d\u00edas de la infecci\u00f3n. La sensibilidad en los primeros d\u00edas de contagio (0-3 d\u00edas) es de un 100% y del 4-7 d\u00eda del 90%. Esto permite un diagn\u00f3stico urgente de aquellos pacientes con sintomatolog\u00eda y sus contactos.<\/p>\n<p>1. Un resultado negativo no necesariamente indica ausencia de infecci\u00f3n activa, ya que el contagio podr\u00eda haberse producido hace m\u00e1s de 7 d\u00edas y no detectarse, y tampoco excluye que el paciente haya estado expuesto al virus y tras superar la enfermedad no haya presencia viral. En el caso de sospecha de una infecci\u00f3n pasada, se recomienda el estudio serol\u00f3gico de anticuerpos frente a SARS-CoV-2.<\/p>\n<p>2. Consulte inmediatamente a su m\u00e9dico de cabecera o centro de salud en caso de resultado positivo de la prueba. Use mascarilla, extreme la higiene de manos y a\u00edslese en casa excepto si su m\u00e9dico le indica que debe acudir a dependencias m\u00e9dicas. Si desea que el seguimiento de su caso se lleve a cabo en un centro del grupo Humanline, llame al tel\u00e9fono 956 785 333 para solicitar cita urgente.<\/p>\n<\/div>\n<p>[\/vc_column_text]<div class=\"plethora_button wpb_content_element   text-left \">\n    <a href=\"#\" debug class=\" btn btn-primary  \" title=\"\"  target=\"_self\">\n\n        \n        Contacta con nosotros\n        \n\n    <\/a>\n<\/div>[\/vc_column][\/vc_row]<\/p>\n<\/div>","protected":false},"excerpt":{"rendered":"<p>[vc_row full_width=\u00bb0&#8243; full_height=\u00bb0&#8243; particles=\u00bb0&#8243; css=\u00bb.vc_custom_1654249426941{padding-bottom: 0px !important;}\u00bb][vc_column][\/vc_column][\/vc_row][vc_row full_width=\u00bb0&#8243; full_height=\u00bb1&#8243; particles=\u00bb0&#8243; css=\u00bb.vc_custom_1654248894150{padding-top: 0px !important;padding-bottom: 0px !important;}\u00bb][vc_column width=\u00bb1\/2&#8243;][\/vc_column][vc_column width=\u00bb1\/2&#8243;][vc_column_text]* Muestra nasofar\u00edngea. * Resultado en minutos. * Sensibilidad 100% de 0-3 d\u00edas, 90% de 4-7 d\u00eda. Informaci\u00f3n: El ant\u00edgeno de COVID-19 es una prueba de diagn\u00f3stico directo del virus que detecta part\u00edculas estructurales del mismo en muestras respiratorias [&hellip;]<\/p>\n","protected":false},"author":1,"featured_media":2487,"parent":0,"menu_order":0,"comment_status":"closed","ping_status":"closed","template":"","meta":{"footnotes":""},"_links":{"self":[{"href":"https:\/\/www.humanline.es\/index.php\/wp-json\/wp\/v2\/pages\/2543"}],"collection":[{"href":"https:\/\/www.humanline.es\/index.php\/wp-json\/wp\/v2\/pages"}],"about":[{"href":"https:\/\/www.humanline.es\/index.php\/wp-json\/wp\/v2\/types\/page"}],"author":[{"embeddable":true,"href":"https:\/\/www.humanline.es\/index.php\/wp-json\/wp\/v2\/users\/1"}],"replies":[{"embeddable":true,"href":"https:\/\/www.humanline.es\/index.php\/wp-json\/wp\/v2\/comments?post=2543"}],"version-history":[{"count":1,"href":"https:\/\/www.humanline.es\/index.php\/wp-json\/wp\/v2\/pages\/2543\/revisions"}],"predecessor-version":[{"id":2547,"href":"https:\/\/www.humanline.es\/index.php\/wp-json\/wp\/v2\/pages\/2543\/revisions\/2547"}],"wp:featuredmedia":[{"embeddable":true,"href":"https:\/\/www.humanline.es\/index.php\/wp-json\/wp\/v2\/media\/2487"}],"wp:attachment":[{"href":"https:\/\/www.humanline.es\/index.php\/wp-json\/wp\/v2\/media?parent=2543"}],"curies":[{"name":"wp","href":"https:\/\/api.w.org\/{rel}","templated":true}]}}