{"id":2503,"date":"2022-06-08T10:38:06","date_gmt":"2022-06-08T10:38:06","guid":{"rendered":"https:\/\/www.humanline.es\/?page_id=2503"},"modified":"2022-06-08T15:31:46","modified_gmt":"2022-06-08T15:31:46","slug":"covid-19","status":"publish","type":"page","link":"https:\/\/www.humanline.es\/index.php\/covid-19\/","title":{"rendered":"Covid 19"},"content":{"rendered":"<div class=\"wpb-content-wrapper\"><p>[vc_row full_width=\u00bb0&#8243; full_height=\u00bb0&#8243; particles=\u00bb0&#8243; css=\u00bb.vc_custom_1654681348147{padding-top: 0px !important;padding-bottom: 0px !important;}\u00bb][vc_column][vc_empty_space][\/vc_column][\/vc_row][vc_row full_width=\u00bb0&#8243; full_height=\u00bb0&#8243; particles=\u00bb0&#8243; css=\u00bb.vc_custom_1654248903139{padding-bottom: 0px !important;}\u00bb][vc_column width=\u00bb1\/2&#8243;]<div class=\"section_header subtitle_bottom tituh  vc_custom_1654683280179 elegant text-left\">\n\n    <h3 style=\"text-align: center; color: #ffffff;\">Test de detecci\u00f3n de anticuerpos post-vacunaci\u00f3n COVID-19<\/h3>\n\n\n        <p ><\/p>\n<\/div><div class=\"pl_fixed_ratio_media   vc_custom_1654684385846\">\n    <div class=\"stretchy_wrapper ratio_16-9   bg_vcenter\" style=\"background-image: url('https:\/\/www.humanline.es\/wp-content\/uploads\/2022\/06\/test-covid-1.jpg');\">\n      <img decoding=\"async\" alt=\"\" src=\"https:\/\/www.humanline.es\/wp-content\/uploads\/2022\/06\/test-covid-1.jpg\">\n    <\/div>\n\n<\/div>[vc_column_text]<\/p>\n<h5>* Detecta si se ha creado inmunidad frente al SARS-CoV-2 con la vacuna.<\/h5>\n<h5>* Muestra sangu\u00ednea.<\/h5>\n<h5>* Resultado en 48h.<\/h5>\n<h5>* Sensibilidad del 98,3% a partir de la tercera semana y del 100% a partir de la cuarta semana de haber recibido la vacunaci\u00f3n.<\/h5>\n<p>[\/vc_column_text]<div class=\"plethora_button wpb_content_element   text-center \">\n    <a href=\"https:\/\/www.humanline.es\/index.php\/covid-19-test-de-deteccion-de-anticuerpos-post-vacunacion-covid-19\/\" debug class=\"btn-lg btn btn-primary with-icon icon-left\" title=\"Covid 19 \u2013 Test de detecci\u00f3n de anticuerpos post-vacunaci\u00f3n COVID-19\"  target=\"_self\">\n\n         <i class=\"wmi icon-i-laboratory\"><\/i> \n        + Informaci\u00f3n\n        \n\n    <\/a>\n<\/div>[\/vc_column][vc_column width=\u00bb1\/2&#8243;]<div class=\"section_header subtitle_bottom tituh  vc_custom_1654685046546 elegant text-center\">\n\n    <h3 class=\"tituh2\" style=\"text-align: center; color: #ffffff;\">Prueba de serolog\u00eda<\/h3>\n\n\n        <p ><\/p>\n<\/div><div class=\"pl_fixed_ratio_media   vc_custom_1654684615517\">\n    <div class=\"stretchy_wrapper ratio_16-9   bg_vcenter\" style=\"background-image: url('https:\/\/www.humanline.es\/wp-content\/uploads\/2022\/06\/test-covid-2.jpg');\">\n      <img decoding=\"async\" alt=\"\" src=\"https:\/\/www.humanline.es\/wp-content\/uploads\/2022\/06\/test-covid-2.jpg\">\n    <\/div>\n\n<\/div>[vc_column_text]<\/p>\n<h5>* Detecta si tienes anticuerpos del virus o est\u00e1s infectado.<\/h5>\n<h5>* Muestra sangu\u00ednea.<\/h5>\n<h5>* Resultado en 48h.<\/h5>\n<h5>* Sensibilidad alta desde el d\u00eda 8, muy alta desde el d\u00eda 15 de infecci\u00f3n.<\/h5>\n<p>[\/vc_column_text]<div class=\"plethora_button wpb_content_element   text-center \">\n    <a href=\"https:\/\/www.humanline.es\/index.php\/covid-19-prueba-de-serologia\/\" debug class=\"btn-lg btn btn-primary with-icon icon-left\" title=\"Covid 19 \u2013 Prueba de serolog\u00eda\"  target=\"_self\">\n\n         <i class=\"wmi icon-i-laboratory\"><\/i> \n        + Informaci\u00f3n\n        \n\n    <\/a>\n<\/div>[\/vc_column][\/vc_row][vc_row full_width=\u00bb0&#8243; full_height=\u00bb0&#8243; particles=\u00bb0&#8243; css=\u00bb.vc_custom_1654702301694{margin-bottom: 50px !important;padding-top: 80px !important;padding-bottom: 0px !important;}\u00bb][vc_column width=\u00bb1\/2&#8243;]<div class=\"section_header subtitle_bottom tituh  vc_custom_1654701710554 elegant text-center\">\n\n    <h3 class=\"tituh2\" style=\"text-align: center; color: #ffffff;\">Prueba de ant\u00edgeno<\/h3>\n\n\n        <p ><\/p>\n<\/div><div class=\"pl_fixed_ratio_media   vc_custom_1654701745867\">\n    <div class=\"stretchy_wrapper ratio_16-9   bg_vcenter\" style=\"background-image: url('https:\/\/www.humanline.es\/wp-content\/uploads\/2022\/06\/test-covid-3.jpg');\">\n      <img decoding=\"async\" alt=\"\" src=\"https:\/\/www.humanline.es\/wp-content\/uploads\/2022\/06\/test-covid-3.jpg\">\n    <\/div>\n\n<\/div>[vc_column_text]<\/p>\n<h5>* Detecta si estas infectado.<\/h5>\n<h5>* Muestra nasofar\u00edngea.<\/h5>\n<h5>* Resultado en minutos.<\/h5>\n<h5>* Sensibilidad 100% de 0-3 d\u00edas, 90% de 4-7 d\u00eda.<\/h5>\n<p>[\/vc_column_text]<div class=\"plethora_button wpb_content_element   text-center \">\n    <a href=\"https:\/\/www.humanline.es\/index.php\/covid-19-prueba-de-antigeno\/\" debug class=\"btn-lg btn btn-primary with-icon icon-left\" title=\"Covid 19 \u2013 Prueba de ant\u00edgeno\"  target=\"_self\">\n\n         <i class=\"wmi icon-i-laboratory\"><\/i> \n        + Informaci\u00f3n\n        \n\n    <\/a>\n<\/div>[\/vc_column][vc_column width=\u00bb1\/2&#8243;]<div class=\"section_header subtitle_bottom tituh  vc_custom_1654702018796 elegant text-center\">\n\n    <h3 class=\"tituh2\" style=\"text-align: center; color: #ffffff;\">Prueba PCR<\/h3>\n\n\n        <p ><\/p>\n<\/div><div class=\"pl_fixed_ratio_media   vc_custom_1654702031424\">\n    <div class=\"stretchy_wrapper ratio_16-9   bg_vcenter\" style=\"background-image: url('https:\/\/www.humanline.es\/wp-content\/uploads\/2022\/06\/test-covid-4.jpg');\">\n      <img decoding=\"async\" alt=\"\" src=\"https:\/\/www.humanline.es\/wp-content\/uploads\/2022\/06\/test-covid-4.jpg\">\n    <\/div>\n\n<\/div>[vc_column_text]<\/p>\n<h5>* Detecta si estas infectado actualmente.<\/h5>\n<h5>* Muestra nasofar\u00edngea.<\/h5>\n<h5>* Resultado en 1h.<\/h5>\n<h5>* Sensibilidad muy alta durante la fase de infecci\u00f3n.<\/h5>\n<p>[\/vc_column_text]<div class=\"plethora_button wpb_content_element   text-center \">\n    <a href=\"https:\/\/www.humanline.es\/index.php\/covid-19-prueba-pcr\/\" debug class=\"btn-lg btn btn-primary with-icon icon-left\" title=\"Covid 19 \u2013 Prueba PCR\"  target=\"_self\">\n\n         <i class=\"wmi icon-i-laboratory\"><\/i> \n        + Informaci\u00f3n\n        \n\n    <\/a>\n<\/div>[\/vc_column][\/vc_row]<\/p>\n<\/div>","protected":false},"excerpt":{"rendered":"<p>[vc_row full_width=\u00bb0&#8243; full_height=\u00bb0&#8243; particles=\u00bb0&#8243; css=\u00bb.vc_custom_1654681348147{padding-top: 0px !important;padding-bottom: 0px !important;}\u00bb][vc_column][vc_empty_space][\/vc_column][\/vc_row][vc_row full_width=\u00bb0&#8243; full_height=\u00bb0&#8243; particles=\u00bb0&#8243; css=\u00bb.vc_custom_1654248903139{padding-bottom: 0px !important;}\u00bb][vc_column width=\u00bb1\/2&#8243;][vc_column_text] * Detecta si se ha creado inmunidad frente al SARS-CoV-2 con la vacuna. * Muestra sangu\u00ednea. * Resultado en 48h. * Sensibilidad del 98,3% a partir de la tercera semana y del 100% a partir de la cuarta semana [&hellip;]<\/p>\n","protected":false},"author":1,"featured_media":2487,"parent":0,"menu_order":0,"comment_status":"closed","ping_status":"closed","template":"","meta":{"footnotes":""},"_links":{"self":[{"href":"https:\/\/www.humanline.es\/index.php\/wp-json\/wp\/v2\/pages\/2503"}],"collection":[{"href":"https:\/\/www.humanline.es\/index.php\/wp-json\/wp\/v2\/pages"}],"about":[{"href":"https:\/\/www.humanline.es\/index.php\/wp-json\/wp\/v2\/types\/page"}],"author":[{"embeddable":true,"href":"https:\/\/www.humanline.es\/index.php\/wp-json\/wp\/v2\/users\/1"}],"replies":[{"embeddable":true,"href":"https:\/\/www.humanline.es\/index.php\/wp-json\/wp\/v2\/comments?post=2503"}],"version-history":[{"count":23,"href":"https:\/\/www.humanline.es\/index.php\/wp-json\/wp\/v2\/pages\/2503\/revisions"}],"predecessor-version":[{"id":2646,"href":"https:\/\/www.humanline.es\/index.php\/wp-json\/wp\/v2\/pages\/2503\/revisions\/2646"}],"wp:featuredmedia":[{"embeddable":true,"href":"https:\/\/www.humanline.es\/index.php\/wp-json\/wp\/v2\/media\/2487"}],"wp:attachment":[{"href":"https:\/\/www.humanline.es\/index.php\/wp-json\/wp\/v2\/media?parent=2503"}],"curies":[{"name":"wp","href":"https:\/\/api.w.org\/{rel}","templated":true}]}}