{"id":2485,"date":"2022-06-03T09:20:43","date_gmt":"2022-06-03T09:20:43","guid":{"rendered":"https:\/\/www.humanline.es\/?page_id=2485"},"modified":"2022-06-03T14:25:17","modified_gmt":"2022-06-03T14:25:17","slug":"covid-19-test-de-deteccion-de-anticuerpos-post-vacunacion-covid-19","status":"publish","type":"page","link":"https:\/\/www.humanline.es\/index.php\/covid-19-test-de-deteccion-de-anticuerpos-post-vacunacion-covid-19\/","title":{"rendered":"Covid 19 &#8211; Test de detecci\u00f3n de anticuerpos post-vacunaci\u00f3n COVID-19"},"content":{"rendered":"<div class=\"wpb-content-wrapper\"><p>[vc_row full_width=\u00bb0&#8243; full_height=\u00bb0&#8243; particles=\u00bb0&#8243; css=\u00bb.vc_custom_1654249426941{padding-bottom: 0px !important;}\u00bb][vc_column]<div class=\"section_header subtitle_bottom   vc_custom_1654248665272 elegant text-left\">\n\n    <h3 style=\"margin-bottom: 25px;\">Test de detecci\u00f3n de anticuerpos post-vacunaci\u00f3n COVID-19<\/h3>\n\n\n        <p >Detecta si se ha creado inmunidad frente al SARS-CoV-2 con la vacuna.<\/p>\n<\/div>[\/vc_column][\/vc_row][vc_row full_width=\u00bb0&#8243; full_height=\u00bb1&#8243; particles=\u00bb0&#8243; css=\u00bb.vc_custom_1654248894150{padding-top: 0px !important;padding-bottom: 0px !important;}\u00bb][vc_column width=\u00bb1\/2&#8243;]<div class=\"pl_fixed_ratio_media  \">\n    <div class=\"stretchy_wrapper ratio_1-1   bg_vtop\" style=\"background-image: url('https:\/\/www.humanline.es\/wp-content\/uploads\/2022\/06\/test-covid-a.jpg');\">\n      <img decoding=\"async\" alt=\"\" src=\"https:\/\/www.humanline.es\/wp-content\/uploads\/2022\/06\/test-covid-a.jpg\">\n    <\/div>\n\n<\/div>[\/vc_column][vc_column width=\u00bb1\/2&#8243;][vc_column_text]<strong>* Muestra sangu\u00ednea.<\/strong><\/p>\n<p><strong>* Resultado en 48h.<\/strong><\/p>\n<p><strong>* Sensibilidad del 98,3% a partir de la tercera semana y del 100% a partir de la cuarta semana de haber recibido la vacunaci\u00f3n.<\/strong><\/p>\n<div style=\"font-size: 12px;\">\n<p><strong>Informaci\u00f3n:<\/strong><\/p>\n<p>La prote\u00edna S (\u00abspike\u00bb), es una prote\u00edna transmembrana que se ensambla en tr\u00edmeros para formar las caracter\u00edsticas espigas en la superficie de los coronavirus (mecanismo de uni\u00f3n del virus y las c\u00e9lulas humanas). Las vacunas contra SARS-CoV-2 inducen la producci\u00f3n de anticuerpos espec\u00edficos contra la prote\u00edna S del virus. Se obtiene la titulaci\u00f3n espec\u00edfica de los anticuerpos contra la prote\u00edna S1 de la esp\u00edcula del SARS-CoV-2 (COVID-19).<\/p>\n<p>Disponemos de una prueba que detecta anticuerpos frente a la prote\u00edna S del COVID19 (SARS-CoV-2) mediante el test de referencia (ELISA\/Quimioluminiscencia). Aproximadamente, tras tres semanas de la \u00faltima dosis de vacuna se puede detectar si se han generado estos anticuerpos frente al virus. La sensibilidad del 98,3% a partir de la tercera semana y del 100% a partir de la cuarta semana de haber recibido la vacunaci\u00f3n.<\/p>\n<p>La prueba es un inmunoensayo cuantitativo, con marcado CE, con una sensibilidad y una especificidad cercana al 100%. No obstante, el porcentaje de personas que tras la vacunaci\u00f3n desarrollan anticuerpos contra el COVID-19 depende de la eficacia de cada vacuna.<\/p>\n<p>Por ello, el resultado de esta prueba depender\u00e1 de lo indicando por el fabricante respecto a la eficacia de la vacuna que le han administrado.<\/p>\n<\/div>\n<p>[\/vc_column_text]<div class=\"plethora_button wpb_content_element   text-left \">\n    <a href=\"#\" debug class=\" btn btn-primary  \" title=\"\"  target=\"_self\">\n\n        \n        Contacta con nosotros\n        \n\n    <\/a>\n<\/div>[\/vc_column][\/vc_row]<\/p>\n<\/div>","protected":false},"excerpt":{"rendered":"<p>[vc_row full_width=\u00bb0&#8243; full_height=\u00bb0&#8243; particles=\u00bb0&#8243; css=\u00bb.vc_custom_1654249426941{padding-bottom: 0px !important;}\u00bb][vc_column][\/vc_column][\/vc_row][vc_row full_width=\u00bb0&#8243; full_height=\u00bb1&#8243; particles=\u00bb0&#8243; css=\u00bb.vc_custom_1654248894150{padding-top: 0px !important;padding-bottom: 0px !important;}\u00bb][vc_column width=\u00bb1\/2&#8243;][\/vc_column][vc_column width=\u00bb1\/2&#8243;][vc_column_text]* Muestra sangu\u00ednea. * Resultado en 48h. * Sensibilidad del 98,3% a partir de la tercera semana y del 100% a partir de la cuarta semana de haber recibido la vacunaci\u00f3n. Informaci\u00f3n: La prote\u00edna S (\u00abspike\u00bb), es una prote\u00edna [&hellip;]<\/p>\n","protected":false},"author":1,"featured_media":2487,"parent":0,"menu_order":0,"comment_status":"closed","ping_status":"closed","template":"","meta":{"footnotes":""},"_links":{"self":[{"href":"https:\/\/www.humanline.es\/index.php\/wp-json\/wp\/v2\/pages\/2485"}],"collection":[{"href":"https:\/\/www.humanline.es\/index.php\/wp-json\/wp\/v2\/pages"}],"about":[{"href":"https:\/\/www.humanline.es\/index.php\/wp-json\/wp\/v2\/types\/page"}],"author":[{"embeddable":true,"href":"https:\/\/www.humanline.es\/index.php\/wp-json\/wp\/v2\/users\/1"}],"replies":[{"embeddable":true,"href":"https:\/\/www.humanline.es\/index.php\/wp-json\/wp\/v2\/comments?post=2485"}],"version-history":[{"count":19,"href":"https:\/\/www.humanline.es\/index.php\/wp-json\/wp\/v2\/pages\/2485\/revisions"}],"predecessor-version":[{"id":2497,"href":"https:\/\/www.humanline.es\/index.php\/wp-json\/wp\/v2\/pages\/2485\/revisions\/2497"}],"wp:featuredmedia":[{"embeddable":true,"href":"https:\/\/www.humanline.es\/index.php\/wp-json\/wp\/v2\/media\/2487"}],"wp:attachment":[{"href":"https:\/\/www.humanline.es\/index.php\/wp-json\/wp\/v2\/media?parent=2485"}],"curies":[{"name":"wp","href":"https:\/\/api.w.org\/{rel}","templated":true}]}}