{"id":2238,"date":"2022-05-12T10:08:40","date_gmt":"2022-05-12T10:08:40","guid":{"rendered":"https:\/\/www.humanline.es\/?page_id=2238"},"modified":"2022-09-02T15:44:32","modified_gmt":"2022-09-02T15:44:32","slug":"instalaciones","status":"publish","type":"page","link":"https:\/\/www.humanline.es\/index.php\/instalaciones\/","title":{"rendered":"Instalaciones"},"content":{"rendered":"<div class=\"wpb-content-wrapper\"><p>[vc_row full_width=\u00bb0&#8243; full_height=\u00bb0&#8243; row_padding=\u00bbno_padding\u00bb cols_valign=\u00bbvbottom\u00bb particles=\u00bb0&#8243;][vc_column width=\u00bb1\/2&#8243; color_set=\u00bbsecondary_section\u00bb background=\u00bbbgimage\u00bb bgimage=\u00bb2329&#8243; boxed=\u00bbboxed_plus\u00bb same_height_col=\u00bbsame_height_col\u00bb css=\u00bb.vc_custom_1655138095890{padding-top: 150px !important;padding-bottom: 150px !important;}\u00bb][\/vc_column][vc_column width=\u00bb1\/2&#8243; boxed=\u00bbboxed_plus\u00bb same_height_col=\u00bbsame_height_col\u00bb][vc_empty_space height=\u00bb64px\u00bb][vc_empty_space height=\u00bb64px\u00bb el_class=\u00bbhidden-xs\u00bb]<div class=\"section_header subtitle_bottom   vc_custom_1652352217163 fancy text-left\">\n\n    <h3>Hospital de d\u00eda HUMANLINE Sotogrande<\/h3>\n\n\n        <p >Ubicado en \u00e1rea comercial y de f\u00e1cil acceso y aparcamiento.<\/p>\n<\/div>[vc_column_text]El\u00a0<strong>Hospital de D\u00eda Humanline Sotogrande<\/strong>\u00a0dispone de un amplio rango de servicios que cubren desde la medicina general a la especializada.[\/vc_column_text]<div class=\"plethora_button wpb_content_element   text-left \">\n    <a href=\"https:\/\/www.humanline.es\/index.php\/departments\/hospital-de-dia-humanline-sotogrande\/\" debug class=\" btn btn-secondary  \" title=\"Hospital de D\u00eda Humanline Sotogrande\"  target=\"_self\">\n\n        \n        Visite el Hospital de D\u00eda\n        \n\n    <\/a>\n<\/div>[vc_empty_space height=\u00bb64px\u00bb][\/vc_column][\/vc_row][vc_row rtl_reverse=\u00bbyes\u00bb full_width=\u00bb0&#8243; full_height=\u00bb0&#8243; row_padding=\u00bbno_padding\u00bb particles=\u00bb0&#8243;][vc_column width=\u00bb1\/2&#8243; color_set=\u00bbsecondary_section\u00bb background=\u00bbbgimage\u00bb bgimage=\u00bb447&#8243; boxed=\u00bbboxed_plus\u00bb same_height_col=\u00bbsame_height_col\u00bb css=\u00bb.vc_custom_1655138122585{padding-top: 150px !important;padding-bottom: 150px !important;}\u00bb][\/vc_column][vc_column width=\u00bb1\/2&#8243; boxed=\u00bbboxed_plus\u00bb same_height_col=\u00bbsame_height_col\u00bb][vc_empty_space height=\u00bb64px\u00bb][vc_empty_space height=\u00bb64px\u00bb el_class=\u00bbhidden-xs\u00bb]<div class=\"section_header subtitle_bottom   vc_custom_1652352441715 fancy text-left\">\n\n    <h3>Centro Radiol\u00f3gico HUMANLINE Sotogrande<\/h3>\n\n\n        <p >La tecnolog\u00eda se ha convertido en una herramienta fundamental al servicio de la medicina<\/p>\n<\/div>[vc_column_text]El Centro Radiol\u00f3gico Humanline Sotogrande da servicio al propio Hospital de D\u00eda Humanline Sotogrande as\u00ed como a pacientes de otros centros.[\/vc_column_text]<div class=\"plethora_button wpb_content_element   text-left \">\n    <a href=\"https:\/\/www.humanline.es\/index.php\/departments\/centro-radiologico-humanline-sotogrande\/\" debug class=\" btn btn-secondary  \" title=\"Centro Radiol\u00f3gico Humanline Sotogrande\"  target=\"_self\">\n\n        \n        Visite el Centro Radiol\u00f3gico\n        \n\n    <\/a>\n<\/div>[vc_empty_space height=\u00bb64px\u00bb][\/vc_column][\/vc_row][vc_row full_width=\u00bb0&#8243; full_height=\u00bb0&#8243; row_padding=\u00bbno_padding\u00bb particles=\u00bb0&#8243;][vc_column width=\u00bb1\/2&#8243; background=\u00bbbgimage\u00bb bgimage=\u00bb2956&#8243; boxed=\u00bbboxed_plus\u00bb same_height_col=\u00bbsame_height_col\u00bb css=\u00bb.vc_custom_1662133469313{padding-top: 150px !important;padding-bottom: 150px !important;}\u00bb][\/vc_column][vc_column width=\u00bb1\/2&#8243; boxed=\u00bbboxed_plus\u00bb same_height_col=\u00bbsame_height_col\u00bb][vc_empty_space height=\u00bb64px\u00bb][vc_empty_space height=\u00bb64px\u00bb el_class=\u00bbhidden-xs\u00bb]<div class=\"section_header subtitle_bottom   vc_custom_1652352600990 fancy text-left\">\n\n    <h3>Centro M\u00e9dico HUMANLINE Jimena<\/h3>\n\n\n        <p >Disponemos de las especialidades que con m\u00e1s frecuencia demandan los pacientes<\/p>\n<\/div>[vc_column_text]Entre ellas, el m\u00e9dico de familia y el pediatra, que son las bases de toda atenci\u00f3n m\u00e9dica y las personas de confianza de aqu\u00e9llos.[\/vc_column_text]<div class=\"plethora_button wpb_content_element   text-left \">\n    <a href=\"https:\/\/www.humanline.es\/index.php\/departments\/centro-medico-humanline-jimena\/\" debug class=\" btn btn-secondary  \" title=\"Centro M\u00e9dico Humanline Jimena\"  target=\"_self\">\n\n        \n        Visite el Centro M\u00e9dico\n        \n\n    <\/a>\n<\/div>[vc_empty_space height=\u00bb64px\u00bb][\/vc_column][\/vc_row]<\/p>\n<\/div>","protected":false},"excerpt":{"rendered":"<p>[vc_row full_width=\u00bb0&#8243; full_height=\u00bb0&#8243; row_padding=\u00bbno_padding\u00bb cols_valign=\u00bbvbottom\u00bb particles=\u00bb0&#8243;][vc_column width=\u00bb1\/2&#8243; color_set=\u00bbsecondary_section\u00bb background=\u00bbbgimage\u00bb bgimage=\u00bb2329&#8243; boxed=\u00bbboxed_plus\u00bb same_height_col=\u00bbsame_height_col\u00bb css=\u00bb.vc_custom_1655138095890{padding-top: 150px !important;padding-bottom: 150px !important;}\u00bb][\/vc_column][vc_column width=\u00bb1\/2&#8243; boxed=\u00bbboxed_plus\u00bb same_height_col=\u00bbsame_height_col\u00bb][vc_empty_space height=\u00bb64px\u00bb][vc_empty_space height=\u00bb64px\u00bb el_class=\u00bbhidden-xs\u00bb][vc_column_text]El\u00a0Hospital de D\u00eda Humanline Sotogrande\u00a0dispone de un amplio rango de servicios que cubren desde la medicina general a la especializada.[\/vc_column_text][vc_empty_space height=\u00bb64px\u00bb][\/vc_column][\/vc_row][vc_row rtl_reverse=\u00bbyes\u00bb full_width=\u00bb0&#8243; full_height=\u00bb0&#8243; row_padding=\u00bbno_padding\u00bb particles=\u00bb0&#8243;][vc_column width=\u00bb1\/2&#8243; color_set=\u00bbsecondary_section\u00bb background=\u00bbbgimage\u00bb bgimage=\u00bb447&#8243; boxed=\u00bbboxed_plus\u00bb same_height_col=\u00bbsame_height_col\u00bb css=\u00bb.vc_custom_1655138122585{padding-top: [&hellip;]<\/p>\n","protected":false},"author":1,"featured_media":2331,"parent":0,"menu_order":0,"comment_status":"closed","ping_status":"closed","template":"","meta":{"footnotes":""},"_links":{"self":[{"href":"https:\/\/www.humanline.es\/index.php\/wp-json\/wp\/v2\/pages\/2238"}],"collection":[{"href":"https:\/\/www.humanline.es\/index.php\/wp-json\/wp\/v2\/pages"}],"about":[{"href":"https:\/\/www.humanline.es\/index.php\/wp-json\/wp\/v2\/types\/page"}],"author":[{"embeddable":true,"href":"https:\/\/www.humanline.es\/index.php\/wp-json\/wp\/v2\/users\/1"}],"replies":[{"embeddable":true,"href":"https:\/\/www.humanline.es\/index.php\/wp-json\/wp\/v2\/comments?post=2238"}],"version-history":[{"count":9,"href":"https:\/\/www.humanline.es\/index.php\/wp-json\/wp\/v2\/pages\/2238\/revisions"}],"predecessor-version":[{"id":2965,"href":"https:\/\/www.humanline.es\/index.php\/wp-json\/wp\/v2\/pages\/2238\/revisions\/2965"}],"wp:featuredmedia":[{"embeddable":true,"href":"https:\/\/www.humanline.es\/index.php\/wp-json\/wp\/v2\/media\/2331"}],"wp:attachment":[{"href":"https:\/\/www.humanline.es\/index.php\/wp-json\/wp\/v2\/media?parent=2238"}],"curies":[{"name":"wp","href":"https:\/\/api.w.org\/{rel}","templated":true}]}}