{"id":2236,"date":"2022-05-11T16:28:10","date_gmt":"2022-05-11T16:28:10","guid":{"rendered":"https:\/\/www.humanline.es\/?page_id=2236"},"modified":"2023-11-28T08:09:34","modified_gmt":"2023-11-28T08:09:34","slug":"grupo-humanline","status":"publish","type":"page","link":"https:\/\/www.humanline.es\/index.php\/grupo-humanline\/","title":{"rendered":"Grupo Humanline"},"content":{"rendered":"<div class=\"wpb-content-wrapper\"><p>[vc_row full_width=\u00bb0&#8243; full_height=\u00bb0&#8243; particles=\u00bb0&#8243; css=\u00bb.vc_custom_1652283244856{padding-bottom: 20px !important;}\u00bb][vc_column margin=\u00bbmargin_bottom_grid\u00bb offset=\u00bbvc_col-md-6&#8243;][vc_text_separator title=\u00bbGrupo Humanline\u00bb title_align=\u00bbseparator_align_left\u00bb css=\u00bb.vc_custom_1652282899666{margin-bottom: 40px !important;}\u00bb][vc_column_text]Hablar de<strong> Grupo Hospitalario Humanline<\/strong> es describir un nuevo concepto de atenci\u00f3n m\u00e9dica basado en las personas. Nuestro objetivo es ofrecer al paciente servicios de <strong>salud de forma r\u00e1pida, sencilla, sin esperas, en un ambiente confortable y con los mejores profesionales<\/strong>.<\/p>\n<p>Nuestros centros est\u00e1n dotados del personal y las infraestructuras adecuadas para llevar adelante los tres enfoques m\u00e1s importantes de la atenci\u00f3n cl\u00ednica: <strong>prevenir<\/strong> enfermedades, <strong>vigilar<\/strong> la evoluci\u00f3n de las existentes o <strong>atender<\/strong> los nuevos problemas que puedan surgir.<\/p>\n<p>Los centros del <strong>Grupo Hospitalario Humanline<\/strong> ofrecen las especialidades m\u00e9dicas o de t\u00e9cnicas de imagen que m\u00e1s se adecuan a las necesidades de sus pacientes.<\/p>\n<p>En nuestros centros se pueden realizar consultas m\u00e9dicas, estudios funcionales, t\u00e9cnicas de imagen, tratamientos espec\u00edficos y procedimientos quir\u00fargicos, con la seguridad de contar con un equipo m\u00e9dico especializado y de experiencia contrastada.<\/p>\n<p>En el <strong>Grupo Hospitalario Humanline<\/strong> creemos que el presente y el futuro de la Medicina pasa por ofrecer a nuestros pacientes la atenci\u00f3n m\u00e9dica m\u00e1s humana, eficaz y \u00e1gil que sea posible. La clave est\u00e1 en las personas, personas que demandan atenci\u00f3n y personas que la ofrecen. Una relaci\u00f3n que necesita de la confianza mutua en todos los niveles.[\/vc_column_text][\/vc_column][vc_column offset=\u00bbvc_col-md-6&#8243;][vc_single_image image=\u00bb2310&#8243; img_size=\u00bbfull\u00bb alignment=\u00bbcenter\u00bb][\/vc_column][vc_column][vc_empty_space][\/vc_column][\/vc_row][vc_row color_set=\u00bbsecondary_section\u00bb full_width=\u00bb0&#8243; full_height=\u00bb0&#8243; cols_valign=\u00bbvcenter\u00bb sep_top=\u00bbseparator_top sep_angled_positive_top\u00bb transparent_overlay=\u00bbtransparent_film\u00bb background=\u00bbbgimage\u00bb bgimage=\u00bb2316&#8243; parallax=\u00bb0&#8243;][vc_column][vc_text_separator title=\u00bbNuestra filosofia\u00bb title_align=\u00bbseparator_align_left\u00bb css=\u00bb.vc_custom_1652283575148{margin-bottom: 40px !important;}\u00bb][vc_column_text]Los objetivos que nos planteamos pasan por <strong>acercar los profesionales de la medicina a las personas<\/strong>, apoyar con <strong>los mejores recursos tecnol\u00f3gicos<\/strong> la pr\u00e1ctica m\u00e9dica y conseguir que la relaci\u00f3n m\u00e9dico-paciente se desarrolle en <strong>un ambiente confortable y de colaboraci\u00f3n permanente<\/strong>.<\/p>\n<p>El <strong>M\u00e9todo Humanline<\/strong> constituye un cambio en la concepci\u00f3n global que tiene el paciente al acudir a su m\u00e9dico, con <strong>menos tr\u00e1mites<\/strong>, <strong>mayor agilidad<\/strong> y transparencia, sin dejar nunca atr\u00e1s la exquisita <strong>profesionalidad del equipo m\u00e9dico<\/strong>.<\/p>\n<p>De ah\u00ed que basemos las actividades del <strong>Grupo Hospitalario Humanline<\/strong> en cuatro pilares fundamentales:<\/p>\n<p>\u2022 La relaci\u00f3n humana entre los distintos especialistas y el paciente.<br \/>\n\u2022 El cuidado dise\u00f1o y preciso funcionamiento de los centros m\u00e9dicos.<br \/>\n\u2022 La utilizaci\u00f3n de sistemas de alta tecnolog\u00eda.<br \/>\n\u2022 La ubicaci\u00f3n privilegiada de los centros.[\/vc_column_text][\/vc_column][\/vc_row][vc_row full_width=\u00bb0&#8243; full_height=\u00bb0&#8243; sep_top=\u00bbseparator_top sep_angled_positive_top\u00bb particles=\u00bb0&#8243; css=\u00bb.vc_custom_1652286623487{padding-top: 80px !important;padding-bottom: 60px !important;}\u00bb][vc_column margin=\u00bbmargin_bottom_grid\u00bb offset=\u00bbvc_col-md-6&#8243;][vc_single_image image=\u00bb2514&#8243; img_size=\u00bbfull\u00bb alignment=\u00bbcenter\u00bb][\/vc_column][vc_column offset=\u00bbvc_col-md-6&#8243;][vc_text_separator title=\u00bbEquipo Grupo Humanline\u00bb title_align=\u00bbseparator_align_left\u00bb css=\u00bb.vc_custom_1652286179712{margin-bottom: 40px !important;}\u00bb][vc_column_text]El <strong>Grupo Hospitalario Humanline<\/strong> nace de la experiencia que un grupo de m\u00e9dicos ha acumulado en el contacto continuo con los pacientes y sus necesidades, as\u00ed como del an\u00e1lisis y aplicaci\u00f3n de las tendencias m\u00e9dicas y de las demandas sociales actuales.[\/vc_column_text][\/vc_column][vc_column][vc_empty_space][\/vc_column][\/vc_row][vc_row color_set=\u00bbdark_section\u00bb full_width=\u00bb0&#8243; full_height=\u00bb0&#8243; sep_top=\u00bbseparator_top sep_angled_positive_top\u00bb sep_bottom=\u00bbseparator_bottom sep_angled_positive_bottom\u00bb particles=\u00bb0&#8243; el_id=\u00bbarte\u00bb][vc_column align=\u00bbtext-center\u00bb]<div class=\"section_header subtitle_bottom   fancy text-left\">\n\n    <h2 style=\"text-align: left;\">Humanline &amp; Arte<\/h2>\n\n\n        <p >El Grupo Hospitalario Humanline ha creado su propia alianza con el Arte en sus distintas formas de expresi\u00f3n.<\/p>\n<\/div>[\/vc_column][vc_column margin=\u00bbmargin_bottom_grid\u00bb offset=\u00bbvc_col-md-6&#8243;][\/vc_column][vc_column offset=\u00bbvc_col-md-6&#8243;][vc_column_text]La creatividad forma parte de nuestra esencia porque es tambi\u00e9n es inherente al ser humano. En nuestros centros hacemos que convivan en perfecta harmon\u00eda la medicina m\u00e1s personalizada, el arte en expresi\u00f3n sublime y las nuevas tecnolog\u00edas. Resumimos as\u00ed el desarrollo del ser humano en una met\u00e1fora entre lo b\u00e1sico, la expresi\u00f3n, y lo complejo, la concepci\u00f3n de las nuevas tecnolog\u00edas al servicio de la salud.[\/vc_column_text][\/vc_column][vc_column][vc_empty_space][vc_media_grid element_width=\u00bb3&#8243; gap=\u00bb10&#8243; item=\u00bbmasonryMedia_Default\u00bb grid_id=\u00bbvc_gid:1701158951017-612b5378-f82a-10&#8243; include=\u00bb2322,2344,2325,2323,2332,2324,2346&#8243;][\/vc_column][\/vc_row]<\/p>\n<\/div>","protected":false},"excerpt":{"rendered":"<p>[vc_row full_width=\u00bb0&#8243; full_height=\u00bb0&#8243; particles=\u00bb0&#8243; css=\u00bb.vc_custom_1652283244856{padding-bottom: 20px !important;}\u00bb][vc_column margin=\u00bbmargin_bottom_grid\u00bb offset=\u00bbvc_col-md-6&#8243;][vc_text_separator title=\u00bbGrupo Humanline\u00bb title_align=\u00bbseparator_align_left\u00bb css=\u00bb.vc_custom_1652282899666{margin-bottom: 40px !important;}\u00bb][vc_column_text]Hablar de Grupo Hospitalario Humanline es describir un nuevo concepto de atenci\u00f3n m\u00e9dica basado en las personas. Nuestro objetivo es ofrecer al paciente servicios de salud de forma r\u00e1pida, sencilla, sin esperas, en un ambiente confortable y con los mejores profesionales. [&hellip;]<\/p>\n","protected":false},"author":1,"featured_media":2305,"parent":0,"menu_order":0,"comment_status":"closed","ping_status":"closed","template":"","meta":{"footnotes":""},"_links":{"self":[{"href":"https:\/\/www.humanline.es\/index.php\/wp-json\/wp\/v2\/pages\/2236"}],"collection":[{"href":"https:\/\/www.humanline.es\/index.php\/wp-json\/wp\/v2\/pages"}],"about":[{"href":"https:\/\/www.humanline.es\/index.php\/wp-json\/wp\/v2\/types\/page"}],"author":[{"embeddable":true,"href":"https:\/\/www.humanline.es\/index.php\/wp-json\/wp\/v2\/users\/1"}],"replies":[{"embeddable":true,"href":"https:\/\/www.humanline.es\/index.php\/wp-json\/wp\/v2\/comments?post=2236"}],"version-history":[{"count":17,"href":"https:\/\/www.humanline.es\/index.php\/wp-json\/wp\/v2\/pages\/2236\/revisions"}],"predecessor-version":[{"id":3227,"href":"https:\/\/www.humanline.es\/index.php\/wp-json\/wp\/v2\/pages\/2236\/revisions\/3227"}],"wp:featuredmedia":[{"embeddable":true,"href":"https:\/\/www.humanline.es\/index.php\/wp-json\/wp\/v2\/media\/2305"}],"wp:attachment":[{"href":"https:\/\/www.humanline.es\/index.php\/wp-json\/wp\/v2\/media?parent=2236"}],"curies":[{"name":"wp","href":"https:\/\/api.w.org\/{rel}","templated":true}]}}