{"id":2138,"date":"2022-04-19T18:05:18","date_gmt":"2022-04-19T18:05:18","guid":{"rendered":"https:\/\/www.humanline.es\/?page_id=2138"},"modified":"2023-12-05T10:55:42","modified_gmt":"2023-12-05T10:55:42","slug":"centro-radiologico-humanline-sotogrande","status":"publish","type":"page","link":"https:\/\/www.humanline.es\/index.php\/departments\/centro-radiologico-humanline-sotogrande\/","title":{"rendered":"Centro Radiol\u00f3gico Humanline Sotogrande"},"content":{"rendered":"<div class=\"wpb-content-wrapper\"><p>[vc_row full_width=\u00bb0&#8243; full_height=\u00bb0&#8243; particles=\u00bb0&#8243; css=\u00bb.vc_custom_1655462018332{padding-bottom: 80px !important;}\u00bb][vc_column width=\u00bb2\/3&#8243; margin=\u00bbmargin_bottom_grid\u00bb][vc_text_separator title=\u00bbCon\u00f3cenos\u00bb title_align=\u00bbseparator_align_left\u00bb][vc_column_text]El <a href=\"https:\/\/www.humanline.es\/index.php\/departments\/centro-radiologico-humanline-sotogrande\/\"><strong>Centro Radiol\u00f3gico Humanline<\/strong><\/a> est\u00e1situado a escasos 50 m del Centro M\u00e9dico. Esta cercan\u00eda entre ambas instalaciones es especialmente valorada por los pacientes por la comodidad que supone evitar desplazamientos para realizar las pruebas de imagen que les hayan sido prescritas. Con ello se hace realidad de nuevo los principios de eficacia y confort que son la referencia b\u00e1sica de trabajo de Humanline de cara a sus pacientes.<\/p>\n<p>Con este centro, el Grupo Humanline da servicio al propio Hospital de D\u00eda Humanline Sotogrande, situado tambi\u00e9n el \u00e1rea comercial, as\u00ed como a pacientes de otros centros que necesiten pruebas con t\u00e9cnicas de diverso nivel.[\/vc_column_text][vc_text_separator title=\u00bbContacta con nosotros\u00bb title_align=\u00bbseparator_align_left\u00bb css=\u00bb.vc_custom_1650387575064{margin-top: 75px !important;}\u00bb][vc_column_text]<strong>Vis\u00edtanos: C.C. Sotomarket. A7. Salida 130 11310 Sotogrande (C\u00e1diz)<\/strong><\/p>\n<p><strong>Ll\u00e1manos: (+34) 956 785 333<\/strong><\/p>\n<p><strong>Email <a href=\"mailto:info@humanline.es\">info@humanline.es<\/a><\/strong>[\/vc_column_text][\/vc_column][vc_column width=\u00bb1\/3&#8243;][vc_text_separator title=\u00bbLocalizaci\u00f3n\u00bb title_align=\u00bbseparator_align_left\u00bb][vc_gmaps link=\u00bb#E-8_JTNDaWZyYW1lJTIwc3JjJTNEJTIyaHR0cHMlM0ElMkYlMkZ3d3cuZ29vZ2xlLmNvbSUyRm1hcHMlMkZlbWJlZCUzRnBiJTNEJTIxMW0xNCUyMTFtOCUyMTFtMyUyMTFkMTI4NjMuNDQ4NDI2MDI0MzQ4JTIxMmQtNS4zMDEwNTQ2JTIxM2QzNi4yOTEzOTU2JTIxM20yJTIxMWkxMDI0JTIxMmk3NjglMjE0ZjEzLjElMjEzbTMlMjExbTIlMjExczB4MCUyNTNBMHg4ZDk0ZDM4NTZlZDBiMWQ5JTIxMnNDbCUyNUMzJTI1QURuaWNhJTI1MjBIdW1hbmxpbmUlMjUyMFNvdG9ncmFuZGUlMjE1ZTAlMjEzbTIlMjExc2VzJTIxMnNlcyUyMTR2MTY1MDMwMTYwOTgzNiUyMTVtMiUyMTFzZXMlMjEyc2VzJTIyJTIwd2lkdGglM0QlMjIxMDAlMjUlMjIlMjBoZWlnaHQlM0QlMjI0NTAlMjIlMjBzdHlsZSUzRCUyMmJvcmRlciUzQTAlM0IlMjIlMjBhbGxvd2Z1bGxzY3JlZW4lM0QlMjIlMjIlMjBsb2FkaW5nJTNEJTIybGF6eSUyMiUyMHJlZmVycmVycG9saWN5JTNEJTIybm8tcmVmZXJyZXItd2hlbi1kb3duZ3JhZGUlMjIlM0UlM0MlMkZpZnJhbWUlM0U=\u00bb][\/vc_column][\/vc_row][vc_row color_set=\u00bblight_section\u00bb full_width=\u00bb0&#8243; full_height=\u00bb0&#8243; sep_top=\u00bbseparator_top sep_angled_positive_top\u00bb sep_bottom=\u00bbseparator_bottom sep_angled_negative_bottom\u00bb particles=\u00bb0&#8243; css=\u00bb.vc_custom_1657821870596{padding-top: 90px !important;padding-bottom: 50px !important;}\u00bb][vc_column width=\u00bb1\/2&#8243;]<div class=\"section_header subtitle_bottom   elegant text-center\">\n\n    <h3 style=\"text-align: left;\">Equipo m\u00e9dico<\/h3>\n\n\n        <p >Conozca nuestros profesionales<\/p>\n<\/div>[vc_single_image image=\u00bb2869&#8243; img_size=\u00bbmedium\u00bb style=\u00bbvc_box_shadow_3d\u00bb onclick=\u00bbcustom_link\u00bb link=\u00bbhttps:\/\/www.humanline.es\/index.php\/equipo-nuevo\/\u00bb]<div class=\"plethora_button wpb_content_element   text-left \">\n    <a href=\"https:\/\/www.humanline.es\/index.php\/equipo-nuevo\/\" debug class=\"btn-lg btn btn-secondary with-icon icon-left\" title=\"Equipo m\u00e9dico\"  target=\"_self\">\n\n         <i class=\"wmi icon-i-health-services\"><\/i> \n        VER EQUIPO M\u00c9DICO\n        \n\n    <\/a>\n<\/div>[\/vc_column][vc_column width=\u00bb1\/2&#8243;]<div class=\"section_header subtitle_bottom   elegant text-center\">\n\n    <h3 style=\"text-align: left;\">Especialidades<\/h3>\n\n\n        <p >Descubra todas nuestras especialidades<\/p>\n<\/div>[vc_single_image image=\u00bb2724&#8243; img_size=\u00bbmedium\u00bb style=\u00bbvc_box_shadow_3d\u00bb onclick=\u00bbcustom_link\u00bb link=\u00bbhttps:\/\/www.humanline.es\/index.php\/especialidades-2\/\u00bb]<div class=\"plethora_button wpb_content_element   text-left \">\n    <a href=\"https:\/\/www.humanline.es\/index.php\/especialidades-2\/\" debug class=\"btn-lg btn btn-secondary with-icon icon-left\" title=\"Especialidades\"  target=\"_self\">\n\n         <i class=\"wmi icon-i-health-services\"><\/i> \n        VER ESPECIALIDADES\n        \n\n    <\/a>\n<\/div>[\/vc_column][\/vc_row]<\/p>\n<\/div>","protected":false},"excerpt":{"rendered":"<p>[vc_row full_width=\u00bb0&#8243; full_height=\u00bb0&#8243; particles=\u00bb0&#8243; css=\u00bb.vc_custom_1655462018332{padding-bottom: 80px !important;}\u00bb][vc_column width=\u00bb2\/3&#8243; margin=\u00bbmargin_bottom_grid\u00bb][vc_text_separator title=\u00bbCon\u00f3cenos\u00bb title_align=\u00bbseparator_align_left\u00bb][vc_column_text]El Centro Radiol\u00f3gico Humanline est\u00e1situado a escasos 50 m del Centro M\u00e9dico. Esta cercan\u00eda entre ambas instalaciones es especialmente valorada por los pacientes por la comodidad que supone evitar desplazamientos para realizar las pruebas de imagen que les hayan sido prescritas. Con ello se hace [&hellip;]<\/p>\n","protected":false},"author":1,"featured_media":2529,"parent":532,"menu_order":0,"comment_status":"closed","ping_status":"closed","template":"","meta":{"footnotes":""},"_links":{"self":[{"href":"https:\/\/www.humanline.es\/index.php\/wp-json\/wp\/v2\/pages\/2138"}],"collection":[{"href":"https:\/\/www.humanline.es\/index.php\/wp-json\/wp\/v2\/pages"}],"about":[{"href":"https:\/\/www.humanline.es\/index.php\/wp-json\/wp\/v2\/types\/page"}],"author":[{"embeddable":true,"href":"https:\/\/www.humanline.es\/index.php\/wp-json\/wp\/v2\/users\/1"}],"replies":[{"embeddable":true,"href":"https:\/\/www.humanline.es\/index.php\/wp-json\/wp\/v2\/comments?post=2138"}],"version-history":[{"count":10,"href":"https:\/\/www.humanline.es\/index.php\/wp-json\/wp\/v2\/pages\/2138\/revisions"}],"predecessor-version":[{"id":3230,"href":"https:\/\/www.humanline.es\/index.php\/wp-json\/wp\/v2\/pages\/2138\/revisions\/3230"}],"up":[{"embeddable":true,"href":"https:\/\/www.humanline.es\/index.php\/wp-json\/wp\/v2\/pages\/532"}],"wp:featuredmedia":[{"embeddable":true,"href":"https:\/\/www.humanline.es\/index.php\/wp-json\/wp\/v2\/media\/2529"}],"wp:attachment":[{"href":"https:\/\/www.humanline.es\/index.php\/wp-json\/wp\/v2\/media?parent=2138"}],"curies":[{"name":"wp","href":"https:\/\/api.w.org\/{rel}","templated":true}]}}