{"id":2127,"date":"2022-04-19T17:22:52","date_gmt":"2022-04-19T17:22:52","guid":{"rendered":"https:\/\/www.humanline.es\/?page_id=2127"},"modified":"2023-11-28T08:36:10","modified_gmt":"2023-11-28T08:36:10","slug":"centro-medico-humanline-jimena","status":"publish","type":"page","link":"https:\/\/www.humanline.es\/index.php\/departments\/centro-medico-humanline-jimena\/","title":{"rendered":"Centro M\u00e9dico Humanline Jimena"},"content":{"rendered":"<div class=\"wpb-content-wrapper\"><p>[vc_row full_width=\u00bb0&#8243; full_height=\u00bb0&#8243; particles=\u00bb0&#8243; css=\u00bb.vc_custom_1662133390344{padding-bottom: 30px !important;}\u00bb][vc_column width=\u00bb2\/3&#8243; margin=\u00bbmargin_bottom_grid\u00bb][vc_text_separator title=\u00bbCon\u00f3cenos\u00bb title_align=\u00bbseparator_align_left\u00bb][vc_column_text]En el <strong>Centro M\u00e9dico Humanline Jimena<\/strong> disponemos de las especialidades que con m\u00e1s frecuencia demandan los pacientes. Entre ellas, el m\u00e9dico de familia y el pediatra, que son las bases de toda atenci\u00f3n m\u00e9dica y las personas de confianza de aqu\u00e9llos. Ambos tipos de especialistas est\u00e1n dotados de las aptitudes y actitudes que permiten evaluar la paciente en su globalidad y, si fuera necesario, encaminarlo hacia el especialista m\u00e1s adecuado para conseguir el objetivo de la recuperaci\u00f3n de la salud.[\/vc_column_text][vc_text_separator title=\u00bbContacta con nosotros\u00bb title_align=\u00bbseparator_align_left\u00bb css=\u00bb.vc_custom_1650387575064{margin-top: 75px !important;}\u00bb][vc_column_text]<strong>Vis\u00edtanos: C\/ Reina de los \u00c1ngeles 23. 11339 Jimena de la Frontera, C\u00e1diz<\/strong><\/p>\n<p><strong>Ll\u00e1manos: (+34) 956 641 359<\/strong><\/p>\n<p><strong>Email <a href=\"mailto:infojimena@humanline.es\">infojimena@humanline.es<\/a><\/strong>[\/vc_column_text][\/vc_column][vc_column width=\u00bb1\/3&#8243;][vc_text_separator title=\u00bbLocalizaci\u00f3n\u00bb title_align=\u00bbseparator_align_left\u00bb][vc_gmaps link=\u00bb#E-8_JTNDaWZyYW1lJTIwc3JjJTNEJTIyaHR0cHMlM0ElMkYlMkZ3d3cuZ29vZ2xlLmNvbSUyRm1hcHMlMkZlbWJlZCUzRnBiJTNEJTIxMW0xNCUyMTFtOCUyMTFtMyUyMTFkMTI4NDIuMDQwMjkwNTU0MDYxJTIxMmQtNS40MzY0Njk2JTIxM2QzNi40MjEwNDcxJTIxM20yJTIxMWkxMDI0JTIxMmk3NjglMjE0ZjEzLjElMjEzbTMlMjExbTIlMjExczB4MCUyNTNBMHhkMTdjMTE4MDljYjU4NWQ3JTIxMnNDbCUyNUMzJTI1QURuaWNhcyUyNTIwSHVtYW5saW5lJTI1MjBKaW1lbmElMjE1ZTAlMjEzbTIlMjExc2VzJTIxMnNlcyUyMTR2MTY1MDM4ODkyNzA5MSUyMTVtMiUyMTFzZXMlMjEyc2VzJTIyJTIwd2lkdGglM0QlMjIxMDAlMjUlMjIlMjBoZWlnaHQlM0QlMjI0NTAlMjIlMjBzdHlsZSUzRCUyMmJvcmRlciUzQTAlM0IlMjIlMjBhbGxvd2Z1bGxzY3JlZW4lM0QlMjIlMjIlMjBsb2FkaW5nJTNEJTIybGF6eSUyMiUyMHJlZmVycmVycG9saWN5JTNEJTIybm8tcmVmZXJyZXItd2hlbi1kb3duZ3JhZGUlMjIlM0UlM0MlMkZpZnJhbWUlM0U=\u00bb][\/vc_column][\/vc_row][vc_row color_set=\u00bblight_section\u00bb full_width=\u00bb0&#8243; full_height=\u00bb0&#8243; sep_top=\u00bbseparator_top sep_angled_positive_top\u00bb particles=\u00bb0&#8243; css=\u00bb.vc_custom_1655460818120{padding-top: 90px !important;padding-bottom: 50px !important;}\u00bb][vc_column width=\u00bb1\/2&#8243;]<div class=\"section_header subtitle_bottom   elegant text-center\">\n\n    <h3 style=\"text-align: left;\">Equipo m\u00e9dico<\/h3>\n\n\n        <p >Conozca nuestros profesionales<\/p>\n<\/div>[vc_single_image image=\u00bb2869&#8243; img_size=\u00bbmedium\u00bb style=\u00bbvc_box_shadow_3d\u00bb onclick=\u00bbcustom_link\u00bb link=\u00bbhttps:\/\/www.humanline.es\/index.php\/equipo-medico\/\u00bb]<div class=\"plethora_button wpb_content_element   text-left \">\n    <a href=\"https:\/\/www.humanline.es\/index.php\/equipo-medico\/\" debug class=\"btn-lg btn btn-secondary with-icon icon-left\" title=\"Equipo m\u00e9dico\"  target=\"_self\">\n\n         <i class=\"wmi icon-i-health-services\"><\/i> \n        VER EQUIPO M\u00c9DICO\n        \n\n    <\/a>\n<\/div>[\/vc_column][vc_column width=\u00bb1\/2&#8243;]<div class=\"section_header subtitle_bottom   elegant text-center\">\n\n    <h3 style=\"text-align: left;\">Especialidades<\/h3>\n\n\n        <p >Descubra todas nuestras especialidades<\/p>\n<\/div>[vc_single_image image=\u00bb2724&#8243; img_size=\u00bbmedium\u00bb style=\u00bbvc_box_shadow_3d\u00bb onclick=\u00bbcustom_link\u00bb link=\u00bbhttps:\/\/www.humanline.es\/index.php\/especialidades-2\/\u00bb]<div class=\"plethora_button wpb_content_element   text-left \">\n    <a href=\"https:\/\/www.humanline.es\/index.php\/especialidades-2\/\" debug class=\"btn-lg btn btn-secondary with-icon icon-left\" title=\"Especialidades\"  target=\"_self\">\n\n         <i class=\"wmi icon-i-health-services\"><\/i> \n        VER ESPECIALIDADES\n        \n\n    <\/a>\n<\/div>[\/vc_column][\/vc_row]<\/p>\n<\/div>","protected":false},"excerpt":{"rendered":"<p>[vc_row full_width=\u00bb0&#8243; full_height=\u00bb0&#8243; particles=\u00bb0&#8243; css=\u00bb.vc_custom_1662133390344{padding-bottom: 30px !important;}\u00bb][vc_column width=\u00bb2\/3&#8243; margin=\u00bbmargin_bottom_grid\u00bb][vc_text_separator title=\u00bbCon\u00f3cenos\u00bb title_align=\u00bbseparator_align_left\u00bb][vc_column_text]En el Centro M\u00e9dico Humanline Jimena disponemos de las especialidades que con m\u00e1s frecuencia demandan los pacientes. Entre ellas, el m\u00e9dico de familia y el pediatra, que son las bases de toda atenci\u00f3n m\u00e9dica y las personas de confianza de aqu\u00e9llos. Ambos tipos de especialistas [&hellip;]<\/p>\n","protected":false},"author":1,"featured_media":2957,"parent":532,"menu_order":0,"comment_status":"closed","ping_status":"closed","template":"","meta":{"footnotes":""},"_links":{"self":[{"href":"https:\/\/www.humanline.es\/index.php\/wp-json\/wp\/v2\/pages\/2127"}],"collection":[{"href":"https:\/\/www.humanline.es\/index.php\/wp-json\/wp\/v2\/pages"}],"about":[{"href":"https:\/\/www.humanline.es\/index.php\/wp-json\/wp\/v2\/types\/page"}],"author":[{"embeddable":true,"href":"https:\/\/www.humanline.es\/index.php\/wp-json\/wp\/v2\/users\/1"}],"replies":[{"embeddable":true,"href":"https:\/\/www.humanline.es\/index.php\/wp-json\/wp\/v2\/comments?post=2127"}],"version-history":[{"count":17,"href":"https:\/\/www.humanline.es\/index.php\/wp-json\/wp\/v2\/pages\/2127\/revisions"}],"predecessor-version":[{"id":3232,"href":"https:\/\/www.humanline.es\/index.php\/wp-json\/wp\/v2\/pages\/2127\/revisions\/3232"}],"up":[{"embeddable":true,"href":"https:\/\/www.humanline.es\/index.php\/wp-json\/wp\/v2\/pages\/532"}],"wp:featuredmedia":[{"embeddable":true,"href":"https:\/\/www.humanline.es\/index.php\/wp-json\/wp\/v2\/media\/2957"}],"wp:attachment":[{"href":"https:\/\/www.humanline.es\/index.php\/wp-json\/wp\/v2\/media?parent=2127"}],"curies":[{"name":"wp","href":"https:\/\/api.w.org\/{rel}","templated":true}]}}