{"id":145,"date":"2015-09-28T16:00:31","date_gmt":"2015-09-28T16:00:31","guid":{"rendered":"http:\/\/plethorathemes.com\/healthx\/?page_id=145"},"modified":"2024-01-08T15:54:53","modified_gmt":"2024-01-08T15:54:53","slug":"inicio","status":"publish","type":"page","link":"https:\/\/www.humanline.es\/","title":{"rendered":"Inicio"},"content":{"rendered":"<div class=\"wpb-content-wrapper\"><p>[vc_row align=\u00bbtext-center\u00bb full_width=\u00bb1&#8243; full_height=\u00bb0&#8243; row_padding=\u00bbno_padding\u00bb cols_padding=\u00bbno_cols_padding\u00bb particles=\u00bb0&#8243;][vc_column][vc_raw_html]JTNDdmlkZW8lMjBzdHlsZSUzRCUyMndpZHRoJTNBMTAwJTI1JTNCbWF4LWhlaWdodCUzQTEwMCUyNSUyMiUyMGF1dG9wbGF5JTIwbXV0ZWQlMjBsb29wJTIwcHJlbG9hZCUzRCUyMmF1dG8lMjIlM0UlMEElM0Nzb3VyY2UlMjBzcmMlM0QlMjJodHRwcyUzQSUyRiUyRnd3dy5odW1hbmxpbmUuZXMlMkZ2aWRlby1zbGlkZS1pbmRleC5tcDQlMjIlMjB0eXBlJTNEJTIydmlkZW8lMkZtcDQlMjIlM0UlMEElM0MlMkZ2aWRlbyUzRQ==[\/vc_raw_html][\/vc_column][\/vc_row][vc_row full_width=\u00bb0&#8243; full_height=\u00bb0&#8243; row_padding=\u00bbno_padding\u00bb cols_padding=\u00bbno_cols_padding\u00bb elevate=\u00bbelevate\u00bb background=\u00bbtransparent\u00bb el_class=\u00bbfolded_section\u00bb][vc_column width=\u00bb1\/3&#8243; color_set=\u00bbskincolored_section\u00bb background=\u00bbtransparent\u00bb offset=\u00bbvc_col-xs-6&#8243; css=\u00bb.vc_custom_1649587525722{background-color: #00a5bb !important;}\u00bb]<!-- ========================== TEASER BOX ==========================-->\n<div class=\"teaser_box wpb_content_element text-center  transparent boxed same_height_col  with_button  .tcen  \">\n\n  <div class=\"figure transparent\">\n\n\n      <a href=\"https:\/\/www.humanline.es\/index.php\/instalaciones\/\" debug title=\"Instalaciones\" target=\"\"> \n\n        \n        \n        \n         <img decoding=\"async\" src=\"https:\/\/www.humanline.es\/wp-content\/uploads\/2015\/09\/icon_tree_white.png\" alt=\"Centros M\u00e9dicos\">   \n\n        \n\n    <\/a>\n\n  <\/div>\n\n\n\n  <div class=\"content text-center   with_button \">\n    \n    <div class=\"hgroup\">\n       <h4 class=\"neutralize_links\">\n       Centros M\u00e9dicos\n       <\/h4>\n       <p>Equipamiento m\u00e9dico<\/p> \n    <\/div>\n\n    \n\n    <div class=\"link centered\">\n        <a href=\"https:\/\/www.humanline.es\/index.php\/instalaciones\/\" Instalaciones target=\"\" class=\"btn btn-xs btn-secondary\"><strong>+ Info<\/strong><\/a>\n    <\/div>\n\n  <\/div>\n\n<\/div>\n\n<!-- END======================= TEASER BOX ==========================--><!-- ========================== TEASER BOX ==========================-->\n<div class=\"teaser_box wpb_content_element text-center      with_button    \">\n\n  <div class=\"figure \">\n\n\n\n        \n        \n        \n         <img decoding=\"async\" src=\"https:\/\/www.humanline.es\/wp-content\/uploads\/2023\/12\/biopsia-liquida-230x230-1.png\" alt=\"BIOPSIA L\u00cdQUIDA MICROBIOL\u00d3GICA\">   \n\n        \n\n\n  <\/div>\n\n\n\n  <div class=\"content text-center   with_button \">\n    \n    <div class=\"hgroup\">\n       <h4 class=\"neutralize_links\">\n       BIOPSIA L\u00cdQUIDA MICROBIOL\u00d3GICA\n       <\/h4>\n       <p>El estudio m\u00e1s avanzado para el diagn\u00f3stico microbiol\u00f3gico<\/p> \n    <\/div>\n\n    \n\n    <div class=\"link centered\">\n        <a href=\"\"  target=\"\" class=\"btn btn-xs btn-default\"><strong>More<\/strong><\/a>\n    <\/div>\n\n  <\/div>\n\n<\/div>\n\n<!-- END======================= TEASER BOX ==========================-->[\/vc_column][vc_column width=\u00bb1\/3&#8243; color_set=\u00bbskincolored_section\u00bb background=\u00bbtransparent\u00bb offset=\u00bbvc_col-xs-6&#8243; css=\u00bb.vc_custom_1649587923945{background-color: #06adc3 !important;}\u00bb]<!-- ========================== TEASER BOX ==========================-->\n<div class=\"teaser_box wpb_content_element text-center  transparent boxed same_height_col  with_button    \">\n\n  <div class=\"figure transparent\">\n\n\n      <a href=\"https:\/\/www.humanline.es\/index.php\/especialidades-2\/\" debug title=\"Especialidades\" target=\"\"> \n\n        \n        \n        \n         <img decoding=\"async\" src=\"https:\/\/www.humanline.es\/wp-content\/uploads\/2015\/09\/icon_med_book_white.png\" alt=\"Especialidades\">   \n\n        \n\n    <\/a>\n\n  <\/div>\n\n\n\n  <div class=\"content text-center   with_button \">\n    \n    <div class=\"hgroup\">\n       <h4 class=\"neutralize_links\">\n       Especialidades\n       <\/h4>\n       <p>Alta especializaci\u00f3n m\u00e9dica<\/p> \n    <\/div>\n\n    \n\n    <div class=\"link centered\">\n        <a href=\"https:\/\/www.humanline.es\/index.php\/especialidades-2\/\" Especialidades target=\"\" class=\"btn btn-xs btn-secondary\"><strong>+ Info<\/strong><\/a>\n    <\/div>\n\n  <\/div>\n\n<\/div>\n\n<!-- END======================= TEASER BOX ==========================-->[\/vc_column][vc_column width=\u00bb1\/3&#8243; color_set=\u00bbskincolored_section\u00bb offset=\u00bbvc_col-xs-6&#8243; css=\u00bb.vc_custom_1649587944059{background-color: #0ab7ce !important;}\u00bb]<!-- ========================== TEASER BOX ==========================-->\n<div class=\"teaser_box wpb_content_element text-center  transparent boxed same_height_col  with_button    \">\n\n  <div class=\"figure transparent\">\n\n\n      <a href=\"https:\/\/www.humanline.es\/index.php\/equipo-nuevo\/\" debug title=\"Equipo m\u00e9dico\" target=\"\"> \n\n        \n        \n        \n         <img decoding=\"async\" src=\"https:\/\/www.humanline.es\/wp-content\/uploads\/2015\/09\/icon_doctor1.png\" alt=\"Equipo m\u00e9dico\">   \n\n        \n\n    <\/a>\n\n  <\/div>\n\n\n\n  <div class=\"content text-center   with_button \">\n    \n    <div class=\"hgroup\">\n       <h4 class=\"neutralize_links\">\n       Equipo m\u00e9dico\n       <\/h4>\n       <p>Conozca nuestros profesionales<\/p> \n    <\/div>\n\n    \n\n    <div class=\"link centered\">\n        <a href=\"https:\/\/www.humanline.es\/index.php\/equipo-nuevo\/\" Equipo m\u00e9dico target=\"\" class=\"btn btn-xs btn-secondary\"><strong>+ Info<\/strong><\/a>\n    <\/div>\n\n  <\/div>\n\n<\/div>\n\n<!-- END======================= TEASER BOX ==========================-->[\/vc_column][\/vc_row][vc_row full_width=\u00bb0&#8243; full_height=\u00bb0&#8243; row_padding=\u00bbno_top_padding\u00bb sep_bottom=\u00bbseparator_bottom sep_angled_positive_bottom\u00bb particles=\u00bb0&#8243;][vc_column]<div class=\"section_header subtitle_bottom   fancy text-left\">\n\n    <h2 style=\"margin-bottom: 20px;\">Bienvenidos al Grupo Hospitalario Humanline<\/h2>\n\n\n        <p >El futuro de la Medicina pasa por ofrecer la atenci\u00f3n m\u00e9dica m\u00e1s humana, eficaz y \u00e1gil que sea posible.<\/p>\n<\/div>[\/vc_column][vc_column width=\u00bb2\/3&#8243; heading_align=\u00bbtext-center\u00bb align=\u00bbtext-left\u00bb margin=\u00bbmargin_bottom_grid\u00bb][vc_column_text]Hablar de Grupo Hospitalario Humanline es describir un nuevo concepto de atenci\u00f3n m\u00e9dica basado en las personas. Nuestro objetivo es ofrecer al paciente servicios de salud de forma r\u00e1pida, sencilla, sin esperas, en un ambiente confortable y con los mejores profesionales.[\/vc_column_text][vc_text_separator title=\u00bbLA CLAVE EST\u00c1 EN LAS PERSONAS\u00bb title_align=\u00bbseparator_align_left\u00bb align=\u00bbalign_right\u00bb color=\u00bbblack\u00bb css=\u00bb.vc_custom_1653573045793{margin-top: 40px !important;margin-bottom: 40px !important;}\u00bb][vc_column_text]En nuestros centros se pueden realizar consultas m\u00e9dicas, estudios funcionales, t\u00e9cnicas de imagen, tratamientos espec\u00edficos y procedimientos quir\u00fargicos, con la seguridad de contar con un equipo m\u00e9dico especializado y de experiencia contrastada.[\/vc_column_text]<div class=\"plethora_button wpb_content_element   text-left \">\n    <a href=\"https:\/\/www.humanline.es\/index.php\/grupo-humanline\/\" debug class=\" btn btn-primary with-icon icon-left\" title=\"Grupo Humanline\"  target=\"_self\">\n\n         <i class=\"fa fa-hospital-o\"><\/i> \n        Con\u00f3cenos\n        \n\n    <\/a>\n<\/div>[\/vc_column][vc_column width=\u00bb1\/3&#8243; align=\u00bbtext-left\u00bb]<!-- ========================== TEASER BOX ==========================-->\n<div class=\"teaser_box wpb_content_element text-center image_hover skincolored_section    with_button    \">\n\n  <div class=\"figure \">\n\n\n      <a href=\"https:\/\/www.humanline.es\/index.php\/instalaciones\/\" debug title=\"Especialidades\" target=\"\"> \n\n        \n         <div class=\"figure  stretchy_wrapper ratio_16-9\" style=\"background-image:url('https:\/\/www.humanline.es\/wp-content\/uploads\/2022\/05\/fachada-clinica-index.jpg')\"><\/div> \n        \n          \n\n        \n\n    <\/a>\n\n  <\/div>\n\n\n\n  <div class=\"content text-center boxed  with_button \">\n    \n    <div class=\"hgroup\">\n       <h4 class=\"neutralize_links\">\n       Conoce nuestros Centros M\u00e9dicos\n       <\/h4>\n       <p>Hospital de d\u00eda, Centro m\u00e9dico y Centro radiol\u00f3gico<\/p> \n    <\/div>\n\n    \n\n    <div class=\"link centered\">\n        <a href=\"https:\/\/www.humanline.es\/index.php\/instalaciones\/\" Especialidades target=\"\" class=\"btn btn-xs btn-secondary\"><strong>+ Info<\/strong><\/a>\n    <\/div>\n\n  <\/div>\n\n<\/div>\n\n<!-- END======================= TEASER BOX ==========================-->[\/vc_column][\/vc_row][vc_row color_set=\u00bblight_section\u00bb full_width=\u00bb0&#8243; full_height=\u00bb0&#8243; particles=\u00bb0&#8243;][vc_column]<div class=\"section_header subtitle_bottom   fancy text-left\">\n\n    <h2>Especialidades m\u00e9dicas<\/h2>\n\n\n        <p >Consultas especializadas de calidad<\/p>\n<\/div>[\/vc_column][vc_column heading_align=\u00bbtext-center\u00bb align=\u00bbtext-left\u00bb margin=\u00bbmargin_bottom_grid\u00bb offset=\u00bbvc_col-md-8&#8243;][vc_row_inner][vc_column_inner width=\u00bb1\/3&#8243;]<!-- ========================== TEASER BOX ==========================-->\n<div class=\"teaser_box wpb_content_element text-center  transparent boxed_special same_height_col  with_button    \">\n\n  <div class=\"figure transparent\">\n\n\n      <a href=\"https:\/\/www.humanline.es\/index.php\/aparato-digestivo\/\" debug title=\"Enfermedades digestivas\" target=\"\"> \n\n        \n        \n        \n         <img decoding=\"async\" src=\"https:\/\/www.humanline.es\/wp-content\/uploads\/2015\/09\/strive-test.png\" alt=\"Enfermedades digestivas\">   \n\n        \n\n    <\/a>\n\n  <\/div>\n\n\n\n  <div class=\"content text-center   with_button \">\n    \n    <div class=\"hgroup\">\n       <h4 class=\"neutralize_links\">\n       Enfermedades digestivas\n       <\/h4>\n      \n    <\/div>\n\n    \n\n    <div class=\"link centered\">\n        <a href=\"https:\/\/www.humanline.es\/index.php\/aparato-digestivo\/\" Enfermedades digestivas target=\"\" class=\"btn btn-xs btn-primary\"><strong>+ Info<\/strong><\/a>\n    <\/div>\n\n  <\/div>\n\n<\/div>\n\n<!-- END======================= TEASER BOX ==========================-->[\/vc_column_inner][vc_column_inner width=\u00bb1\/3&#8243;]<!-- ========================== TEASER BOX ==========================-->\n<div class=\"teaser_box wpb_content_element text-center  transparent boxed_special same_height_col  with_button    \">\n\n  <div class=\"figure transparent\">\n\n\n      <a href=\"https:\/\/www.humanline.es\/index.php\/covid-19\/\" debug title=\"Covid 19\" target=\"\"> \n\n        \n        \n        \n         <img decoding=\"async\" src=\"https:\/\/www.humanline.es\/wp-content\/uploads\/2015\/09\/strive-test.png\" alt=\"Pruebas COVID\">   \n\n        \n\n    <\/a>\n\n  <\/div>\n\n\n\n  <div class=\"content text-center   with_button \">\n    \n    <div class=\"hgroup\">\n       <h4 class=\"neutralize_links\">\n       Pruebas COVID\n       <\/h4>\n      \n    <\/div>\n\n    \n\n    <div class=\"link centered\">\n        <a href=\"https:\/\/www.humanline.es\/index.php\/covid-19\/\" Covid 19 target=\"\" class=\"btn btn-xs btn-primary\"><strong>+ Info<\/strong><\/a>\n    <\/div>\n\n  <\/div>\n\n<\/div>\n\n<!-- END======================= TEASER BOX ==========================-->[\/vc_column_inner][vc_column_inner width=\u00bb1\/3&#8243;]<!-- ========================== TEASER BOX ==========================-->\n<div class=\"teaser_box wpb_content_element text-center  transparent boxed_special same_height_col  with_button  sg-popup-id-2907  \">\n\n  <div class=\"figure transparent\">\n\n\n      <a href=\"#sg-popup-id-2907\" debug title=\"\" target=\"\"> \n\n        \n        \n        \n         <img decoding=\"async\" src=\"https:\/\/www.humanline.es\/wp-content\/uploads\/2015\/09\/strive-test.png\" alt=\"An\u00e1lisis &amp;amp; Radiolog\u00eda\">   \n\n        \n\n    <\/a>\n\n  <\/div>\n\n\n\n  <div class=\"content text-center   with_button \">\n    \n    <div class=\"hgroup\">\n       <h4 class=\"neutralize_links\">\n       An\u00e1lisis &amp; Radiolog\u00eda\n       <\/h4>\n      \n    <\/div>\n\n    \n\n    <div class=\"link centered\">\n        <a href=\"#sg-popup-id-2907\"  target=\"\" class=\"btn btn-xs btn-primary\"><strong>+ Info<\/strong><\/a>\n    <\/div>\n\n  <\/div>\n\n<\/div>\n\n<!-- END======================= TEASER BOX ==========================-->[\/vc_column_inner][\/vc_row_inner][vc_empty_space height=\u00bb24px\u00bb][vc_column_text]La atenci\u00f3n personalizada al paciente es lo que distingue a Humanline. Cuando visite nuestras instalaciones en Sotogrande y Jimena, puede esperar recibir atenci\u00f3n de primera clase. Los especialistas m\u00e9dicos expertos y el personal cl\u00ednico atento le brindan una experiencia de atenci\u00f3n m\u00e9dica excepcional.[\/vc_column_text]<div class=\"plethora_button wpb_content_element   text-left \">\n    <a href=\"https:\/\/www.humanline.es\/index.php\/especialidades-2\/\" debug class=\" btn btn-primary with-icon icon-left\" title=\"Especialidades\"  target=\"_self\">\n\n         <i class=\"wmi icon-i-pathology\"><\/i> \n        Conozca todas nuestras especialidades\n        \n\n    <\/a>\n<\/div>[\/vc_column][vc_column align=\u00bbtext-left\u00bb offset=\u00bbvc_col-md-4&#8243;][vc_text_separator title=\u00bbHorarios de atenci\u00f3n\u00bb title_align=\u00bbseparator_align_left\u00bb align=\u00bbalign_right\u00bb color=\u00bbblack\u00bb el_class=\u00bbx_bold\u00bb][vc_raw_html]JTNDYiUzRUNFTlRSTyUyME0lQzMlODlESUNPJTIwU09UT0dSQU5ERSUzQyUyRmIlM0UlMEElM0NiciUzRSUzQ2JyJTNFJTBBJTNDZGl2JTIwY2xhc3MlM0QlMjJ0aW1ldGFibGUlMjIlM0UlMEElMjAlMjAlM0N0YWJsZSUyMGNsYXNzJTNEJTIydGltZXRhYmxlX2hvdXJzJTIyJTNFJTBBJTIwJTIwJTIwJTIwJTNDdHIlM0UlMEElMjAlMjAlMjAlMjAlMjAlMjAlM0N0ZCUzRUxVTkVTJTIwQSUyMFZJRVJORVMlM0MlMkZ0ZCUzRSUwQSUyMCUyMCUyMCUyMCUyMCUyMCUzQ3RkJTNFMDklM0EzMC0yMCUzQTMwJTNDJTJGdGQlM0UlMEElMjAlMjAlMjAlMjAlM0MlMkZ0ciUzRSUwQSUyMCUyMCUyMCUyMCUzQ3RyJTNFJTBBJTIwJTIwJTIwJTIwJTIwJTIwJTNDdGQlM0VTJUMzJTgxQkFET1MlM0MlMkZ0ZCUzRSUwQSUyMCUyMCUyMCUyMCUyMCUyMCUzQ3RkJTNFMTAlM0EwMC0xNSUzQTAwJTNDJTJGdGQlM0UlMEElMjAlMjAlMjAlMjAlM0MlMkZ0ciUzRSUwQSUyMCUyMCUyMCUyMCUyMCUyMCUzQyUyRnRhYmxlJTNFJTBBJTNDJTJGZGl2JTNFJTBBJTNDYnIlM0UlMEElM0NiJTNFQ0VOVFJPJTIwTSVDMyU4OURJQ08lMjBKSU1FTkElM0MlMkZiJTNFJTBBJTNDYnIlM0UlM0NiciUzRSUwQSUzQ2RpdiUyMGNsYXNzJTNEJTIydGltZXRhYmxlJTIyJTNFJTBBJTIwJTIwJTNDdGFibGUlMjBjbGFzcyUzRCUyMnRpbWV0YWJsZV9ob3VycyUyMiUzRSUwQSUyMCUyMCUyMCUyMCUzQ3RyJTNFJTBBJTIwJTIwJTIwJTIwJTIwJTIwJTNDdGQlM0VNSSVDMyU4OVJDT0xFUyUzQyUyRnRkJTNFJTBBJTIwJTIwJTIwJTIwJTIwJTIwJTNDdGQlM0UxNyUzQTAwLTIwJTNBMDAlM0MlMkZ0ZCUzRSUwQSUyMCUyMCUyMCUyMCUzQyUyRnRyJTNFJTBBJTIwJTIwJTIwJTIwJTNDdHIlM0UlMEElMjAlMjAlMjAlMjAlMjAlMjAlM0N0ZCUzRVZJRVJORVMlM0MlMkZ0ZCUzRSUwQSUyMCUyMCUyMCUyMCUyMCUyMCUzQ3RkJTNFMDklM0ExNS0xMSUzQTAwJTNDJTJGdGQlM0UlMEElMjAlMjAlMjAlMjAlM0MlMkZ0ciUzRSUwQSUyMCUyMCUyMCUyMCUyMCUyMCUzQyUyRnRhYmxlJTNFJTBBJTNDJTJGZGl2JTNFJTIwJTIwJTIwJTNDJTJGdHIlM0UlMEElMjAlMjAlMjAlMjAlM0N0ciUzRSUwQSUyMCUyMCUyMCUyMCUyMCUyMCUwQSUyMCUyMCUyMCUyMCUzQyUyRnRyJTNFJTBBJTIwJTIwJTIwJTIwJTIwJTIwJTNDJTJGdGFibGUlM0UlMEElM0MlMkZkaXYlM0U=[\/vc_raw_html][vc_text_separator title=\u00bbAseguradoras &amp; Mutuas\u00bb title_align=\u00bbseparator_align_left\u00bb align=\u00bbalign_right\u00bb color=\u00bbblack\u00bb el_class=\u00bbx_bold\u00bb][vc_column_text]Para la comodidad de nuestros clientes, <strong>Humanline<\/strong> colabora con todos los principales proveedores de seguros y compa\u00f1\u00edas de asistencia nacionales e internacionales.[\/vc_column_text]<div class=\"plethora_button wpb_content_element   text-left \">\n    <a href=\"https:\/\/www.humanline.es\/index.php\/aseguradoras-mutuas\/\" debug class=\" btn btn-primary with-icon icon-left\" title=\"Aseguradoras &amp;amp; Mutuas\"  target=\"_self\">\n\n         <i class=\"wmi icon-i-pathology\"><\/i> \n        Aseguradoras &amp; Mutuas\n        \n\n    <\/a>\n<\/div>[\/vc_column][\/vc_row]<\/p>\n<\/div>","protected":false},"excerpt":{"rendered":"<p>[vc_row align=\u00bbtext-center\u00bb full_width=\u00bb1&#8243; full_height=\u00bb0&#8243; row_padding=\u00bbno_padding\u00bb cols_padding=\u00bbno_cols_padding\u00bb particles=\u00bb0&#8243;][vc_column][vc_raw_html]JTNDdmlkZW8lMjBzdHlsZSUzRCUyMndpZHRoJTNBMTAwJTI1JTNCbWF4LWhlaWdodCUzQTEwMCUyNSUyMiUyMGF1dG9wbGF5JTIwbXV0ZWQlMjBsb29wJTIwcHJlbG9hZCUzRCUyMmF1dG8lMjIlM0UlMEElM0Nzb3VyY2UlMjBzcmMlM0QlMjJodHRwcyUzQSUyRiUyRnd3dy5odW1hbmxpbmUuZXMlMkZ2aWRlby1zbGlkZS1pbmRleC5tcDQlMjIlMjB0eXBlJTNEJTIydmlkZW8lMkZtcDQlMjIlM0UlMEElM0MlMkZ2aWRlbyUzRQ==[\/vc_raw_html][\/vc_column][\/vc_row][vc_row full_width=\u00bb0&#8243; full_height=\u00bb0&#8243; row_padding=\u00bbno_padding\u00bb cols_padding=\u00bbno_cols_padding\u00bb elevate=\u00bbelevate\u00bb background=\u00bbtransparent\u00bb el_class=\u00bbfolded_section\u00bb][vc_column width=\u00bb1\/3&#8243; color_set=\u00bbskincolored_section\u00bb background=\u00bbtransparent\u00bb offset=\u00bbvc_col-xs-6&#8243; css=\u00bb.vc_custom_1649587525722{background-color: #00a5bb !important;}\u00bb][\/vc_column][vc_column width=\u00bb1\/3&#8243; color_set=\u00bbskincolored_section\u00bb background=\u00bbtransparent\u00bb offset=\u00bbvc_col-xs-6&#8243; css=\u00bb.vc_custom_1649587923945{background-color: #06adc3 !important;}\u00bb][\/vc_column][vc_column width=\u00bb1\/3&#8243; color_set=\u00bbskincolored_section\u00bb offset=\u00bbvc_col-xs-6&#8243; css=\u00bb.vc_custom_1649587944059{background-color: #0ab7ce !important;}\u00bb][\/vc_column][\/vc_row][vc_row full_width=\u00bb0&#8243; full_height=\u00bb0&#8243; row_padding=\u00bbno_top_padding\u00bb sep_bottom=\u00bbseparator_bottom sep_angled_positive_bottom\u00bb particles=\u00bb0&#8243;][vc_column][\/vc_column][vc_column width=\u00bb2\/3&#8243; heading_align=\u00bbtext-center\u00bb align=\u00bbtext-left\u00bb margin=\u00bbmargin_bottom_grid\u00bb][vc_column_text]Hablar de Grupo Hospitalario Humanline es describir un nuevo concepto de atenci\u00f3n [&hellip;]<\/p>\n","protected":false},"author":1,"featured_media":0,"parent":0,"menu_order":0,"comment_status":"closed","ping_status":"closed","template":"","meta":{"footnotes":""},"_links":{"self":[{"href":"https:\/\/www.humanline.es\/index.php\/wp-json\/wp\/v2\/pages\/145"}],"collection":[{"href":"https:\/\/www.humanline.es\/index.php\/wp-json\/wp\/v2\/pages"}],"about":[{"href":"https:\/\/www.humanline.es\/index.php\/wp-json\/wp\/v2\/types\/page"}],"author":[{"embeddable":true,"href":"https:\/\/www.humanline.es\/index.php\/wp-json\/wp\/v2\/users\/1"}],"replies":[{"embeddable":true,"href":"https:\/\/www.humanline.es\/index.php\/wp-json\/wp\/v2\/comments?post=145"}],"version-history":[{"count":68,"href":"https:\/\/www.humanline.es\/index.php\/wp-json\/wp\/v2\/pages\/145\/revisions"}],"predecessor-version":[{"id":3255,"href":"https:\/\/www.humanline.es\/index.php\/wp-json\/wp\/v2\/pages\/145\/revisions\/3255"}],"wp:attachment":[{"href":"https:\/\/www.humanline.es\/index.php\/wp-json\/wp\/v2\/media?parent=145"}],"curies":[{"name":"wp","href":"https:\/\/api.w.org\/{rel}","templated":true}]}}